{"id":1171,"date":"2019-05-03T08:36:27","date_gmt":"2019-05-03T08:36:27","guid":{"rendered":"http:\/\/sialsig.xyz\/?page_id=1171"},"modified":"2023-03-09T19:59:08","modified_gmt":"2023-03-09T19:59:08","slug":"trabajos-realizados","status":"publish","type":"page","link":"https:\/\/sialsig.xyz\/index.php\/trabajos-realizados\/","title":{"rendered":"Trabajos realizados"},"content":{"rendered":"<p>[et_pb_section fb_built=\u00bb1&#8243; _builder_version=\u00bb3.17.2&#8243;][et_pb_row _builder_version=\u00bb3.17.2&#8243;][et_pb_column type=\u00bb4_4&#8243; _builder_version=\u00bb3.17.2&#8243; parallax=\u00bboff\u00bb parallax_method=\u00bbon\u00bb][et_pb_text _builder_version=\u00bb3.17.2&#8243;]<\/p>\n<p><span><\/span><\/p>\n<h1><span style=\"color: #000080;\"><strong>Trabajos realizados<\/strong><\/span><\/h1>\n<p><span><\/span><\/p>\n<p><span><\/span><\/p>\n<p style=\"text-align: justify;\"><span style=\"font-size: 14px;\">&#8211; Colaboraci\u00f3n en el dise\u00f1o y la realizaci\u00f3n del<\/span><strong style=\"font-size: 14px;\"> SIG del inventario de servicios<\/strong><span style=\"font-size: 14px;\"> para la realizaci\u00f3n de las obras del nuevo Camp Nou.\u00a0En colaboraci\u00f3n con <\/span><em style=\"font-size: 14px;\">Gpo Ingenier\u00eda y el FCB.<\/em><span><\/span><\/p>\n<p style=\"text-align: justify;\"><em style=\"font-size: 14px;\"><\/em><\/p>\n<p style=\"text-align: justify;\"><span>&#8211; Estudio de alternativas de <strong>estudios informativos para definir corredores<\/strong> de paso de una carretera.\u00a0En colaboraci\u00f3n con <em>Gpo Ingenier\u00eda y el Ministerio de Fomento.<\/em><\/span><\/p>\n<p style=\"text-align: justify;\"><span><em><\/em><\/span><\/p>\n<p style=\"text-align: justify;\"><span>&#8211; Implantaci\u00f3n v\u00eda web de <strong>plataformas de formaci\u00f3n, y de mapas de localizaci\u00f3n de Entidades<\/strong>, interactivos y en constante actualizaci\u00f3n. <strong>Desarrollo de la Web<\/strong> para su visualizaci\u00f3n y funcionamiento. En colaboraci\u00f3n con <em>Fundaci\u00f3n Surt y el Departament de Treball, Afers Socials i Fam\u00edlies de la Generalitat de Catalunya<\/em>.<\/span><\/p>\n<p style=\"text-align: justify;\"><span><\/span><\/p>\n<p style=\"text-align: justify;\"><span>&#8211; Elaboraci\u00f3n de <strong>convenios de riego<\/strong> en zona regables, en comarcas de Tarragona, utilizando los Sistemas de informaci\u00f3n geogr\u00e1fica para todo el proceso de creaci\u00f3n de bases de datos de propietarios, de fincas, nacionalizaci\u00f3n de fincas, definici\u00f3n de zonas de riego, agrupaci\u00f3n y definici\u00f3n de los convenios de riego integrando la parte gr\u00e1fica y de c\u00e1lculo. <em>En colaboraci\u00f3n con Gpo Ingenier\u00eda y Regsa.<\/em><\/span><\/p>\n<p style=\"text-align: justify;\"><span><em><\/em><\/span><\/p>\n<p style=\"text-align: justify;\"><span>&#8211; Conversi\u00f3n\u00a0a metodolog\u00eda SIG de la parte de expropiaciones de los proyectos de ingenier\u00eda civil. Realizaci\u00f3n de las mediciones, c\u00e1lculos\u00a0y\u00a0<strong>anexos de expropiaciones y las valoraciones de los terrenos afectados<\/strong> por obras en colaboraci\u00f3n con <em>Gpo Ingenier\u00eda y ADIF, ATLL, ACA.<\/em><\/span><\/p>\n<p style=\"text-align: justify;\"><span><em><\/em><\/span><\/p>\n<p style=\"text-align: justify;\"><span>&#8211; Elaboraci\u00f3n de<strong> planos y el SIG del \u00abEstat de la ciutat\u00bb<\/strong> en colaboraci\u00f3n con <em>GPO ingenier\u00eda y el Ayuntamiento de Barcelona.<\/em><\/span><\/p>\n<p style=\"text-align: justify;\"><span><em><\/em><\/span><\/p>\n<p style=\"text-align: justify;\"><span>&#8211; <strong>Creaci\u00f3n de mapas analizando datos<\/strong> del paro, de poblaci\u00f3n, de indices econ\u00f3micos de los barrios de Barcelona, <em>para la elaboraci\u00f3n de planes de Empresa, para emprendedur\u00eda.<\/em><\/span><\/p>\n<p style=\"text-align: justify;\"><span><em><\/em><\/span><\/p>\n<p style=\"text-align: justify;\"><span>&#8211; <strong>Ubicaci\u00f3n de entidades sociales, de equipamientos, de actividad econ\u00f3micas<\/strong> a partir de datos abiertos del ayuntamiento de Barcelona. Utilizando software diverso.<\/span><\/p>\n<p style=\"text-align: justify;\"><span><\/span><\/p>\n<p style=\"text-align: justify;\"><span><strong>-Colaboraci\u00f3n en proyectos para fomentar el uso de datos libres<\/strong>:<\/span><\/p>\n<p style=\"padding-left: 30px;\"><span>\u00a0 &#8211; para la evaluaci\u00f3n de los <span style=\"color: #003366;\"><strong>retos sociales del cambio clim\u00e1tico<\/strong><\/span>,\u00a0 <\/span><\/p>\n<p style=\"padding-left: 30px;\"><span>\u00a0 &#8211; para el <span style=\"color: #003366;\"><strong>estudio de datos sobre ocupaci\u00f3n y empresa<\/strong><\/span> en el ayuntamiento del Prat,\u00a0<\/span><\/p>\n<p style=\"padding-left: 30px;\"><span><span style=\"color: #003366;\"><span color=\"#003366\" style=\"color: #003366;\"><b>\u00a0 &#8211; exploraci\u00f3n<\/b><\/span><b style=\"color: #003366;\">\u00a0de datos sobre la violencia de g\u00e9nero y recursos p\u00fablicos en Espa\u00f1a<\/b><\/span>, para crear un portal de visualizaci\u00f3n.<\/span><\/p>\n<p style=\"padding-left: 30px;\"><span><\/span><\/p>\n<p style=\"text-align: justify;\"><span>&#8211; Utilizaci\u00f3n de los SIG para el <strong>c\u00e1lculo de cuencas<\/strong> para los proyectos de estructuras lineales. <em>Para el ADIF. (Con GPO)<\/em><\/span><\/p>\n<p style=\"text-align: justify;\"><span><em><\/em><\/span><\/p>\n<p style=\"text-align: justify;\"><span><em>&#8211;\u00a0<\/em> Proyectos de toma, an\u00e1lisis\u00a0y visualizaci\u00f3n de datos, para el Consell Comarcal del Maresme, y series de mapas para el proyecto <strong>El Maresme en Mapas, <\/strong>para mostrar y compartir recursos, equipamientos, entidades, artistas, etc.<\/span><\/p>\n<p style=\"text-align: justify;\"><span><\/span><\/p>\n<p style=\"text-align: justify;\"><span>&#8211; Mapas interactivos de<strong> superficies y cultivos agr\u00edcolas<\/strong>.<\/span><\/p>\n<p style=\"text-align: justify;\"><span><\/span><\/p>\n<p style=\"text-align: justify;\"><span>&#8211; Mapas para utilizaci\u00f3n de datos abiertos para resoluci\u00f3n de un reto para la salud para <strong>desaf\u00edo\u00a0aporta 2021,<\/strong> \u00ab1er puesto en la primera fase\u00bb. <strong>Acerc\u00e1ndonos\u00a0al paciente.<\/strong><\/span><\/p>\n<p style=\"text-align: justify;\"><span><em><\/em><\/span><\/p>\n<p style=\"text-align: justify;\"><span>&#8211; Colaboraci\u00f3n en el <strong>dise\u00f1o de la app x dones,<\/strong> de Iniciativa Barcelona Open data, que posteriormente fue desarrollada por otro equipo, ya que nuestra intenci\u00f3n era colaborar en la idea, no en el desarrollo en este caso.<\/span><\/p>\n<p style=\"text-align: justify;\"><span><\/span><\/p>\n<p style=\"text-align: justify;\"><span><\/span>&#8211; Visualizaci\u00f3n de datos interactivos para el comercio.<\/p>\n<p style=\"text-align: justify;\">\n<p style=\"text-align: justify;\">&#8211; Varios <strong>proyectos de plataformas colaborativas<\/strong>, propuestos a organismos y entidades, y otros de iniciativa propia.\u00a0<\/p>\n<p style=\"text-align: justify;\"><span>&#8211; Propuesta de proyectos que permitan la colaboraci\u00f3n con otras entidades sociales.<\/span><\/p>\n<p style=\"text-align: justify;\"><span><\/span><\/p>\n<p style=\"text-align: justify;\"><span>&#8211; Desarrollo de peque\u00f1as <span style=\"color: #003366;\"><strong>webs y blogs para visibilizar datos.<\/strong><\/span><\/span><\/p>\n<p style=\"text-align: justify;\"><span><span style=\"color: #003366;\"><strong><\/strong><\/span><\/span><\/p>\n<p style=\"text-align: justify;\"><span>&#8211; Desarrollo de <strong>formularios e informes integrando los Sistemas de informaci\u00f3n geogr\u00e1fica y bases de datos Access<\/strong>.<\/span><\/p>\n<p style=\"text-align: justify;\"><span><\/span><\/p>\n<p style=\"text-align: justify;\"><span>&#8211; Creaci\u00f3n de aplicativos para la toma de datos en campo para integrarlos en Sistemas de informaci\u00f3n geogr\u00e1fica.<\/span><\/p>\n<p style=\"text-align: justify;\"><span><\/span><\/p>\n<p style=\"text-align: justify;\">&#8211; Creaci\u00f3n de<strong> formularios<\/strong> para toma de datos, y de g<strong>r\u00e1ficos e informes interactivos<\/strong> de muestra de los resultados.<\/p>\n<p style=\"text-align: justify;\"><span><\/span><\/p>\n<p style=\"text-align: justify;\"><span>&#8211; <strong>Integraci\u00f3n de m\u00faltiples programas<\/strong> para facilitar el flujo autom\u00e1tico de datos entre ellos. Programas Cad, de bases de datos y Sistemas de informaci\u00f3n geogr\u00e1fica.<\/span><\/p>\n<p style=\"text-align: justify;\"><span><\/span><\/p>\n<p style=\"text-align: justify;\"><span>&#8211; <strong>B\u00fasqueda de alternativas con software libre,<\/strong> salvo que el ofrecer nuestro software propietario consideremos que es mas adecuado para el desarrollo parcial o total de un proyecto.<\/span><\/p>\n<p style=\"text-align: justify;\"><span><\/span><\/p>\n<p style=\"text-align: justify;\"><span><\/span><\/p>\n<h2><\/h2>\n<p>[\/et_pb_text][et_pb_text _builder_version=\u00bb3.17.2&#8243;]<\/p>\n<p><span><\/span><\/p>\n<h1><span style=\"color: #000080;\"><strong>Trabajos que podemos, y queremos realizar.<\/strong><\/span><\/h1>\n<p>&nbsp;<\/p>\n<p style=\"text-align: justify;\"><strong>SialSIG, SCCL<\/strong> ofrece a las empresas un <span style=\"color: #003366;\"><strong>servicio de consultor\u00eda<\/strong> <\/span>que comprender\u00e1 todas las partes inherentes a la implantaci\u00f3n de un sistema de informaci\u00f3n geogr\u00e1fico (SIG).<\/p>\n<p style=\"text-align: justify;\">Los servicios podr\u00e1n comprender una o varias fases de implantaci\u00f3n del SIG, dependiendo del caso, y como partes en que se puede desglosar el proceso podr\u00edamos citar las siguientes:<\/p>\n<p>&#8211;\u00a0\u00a0<strong>An\u00e1lisis<\/strong> de la posibilidad de <strong>estructurar la informaci\u00f3n de la empresa<\/strong> de tal manera que pueda ser incorporada en un sistema de informaci\u00f3n geogr\u00e1fica, que permita una mejor gesti\u00f3n y aprovechamiento de los datos. Potenciar y facilitar su recogida, uso y mantenimiento.<\/p>\n<p>\u00a0&#8211;\u00a0\u00a0<strong>Manipulaci\u00f3n y adaptaci\u00f3n de datos a formatos<\/strong> que puedan ser utilizados para implantar un SIG.<\/p>\n<p style=\"text-align: justify;\">&#8211; An\u00e1lisis de si ser\u00eda \u00fatil, rentable e interesante el <strong>incluir o recoger alg\u00fan dato m\u00e1s<\/strong> que la empresa no posea en ese momento, pero que podr\u00eda llegar a obtenerse. Ayuda tambi\u00e9n para su obtenci\u00f3n.<\/p>\n<p style=\"text-align: justify;\">&#8211; C\u00f3mo y para qu\u00e9 quiere la empresa esos datos, y en funci\u00f3n de esto,<strong> buscar la herramienta m\u00e1s adecuada para obtenerlos, analizarlos y\/o mostrarlos.<\/strong><\/p>\n<p style=\"text-align: justify;\"><span style=\"font-size: 14px;\">&#8211; <\/span><strong style=\"font-size: 14px;\">Asesoramiento<\/strong><span style=\"font-size: 14px;\"> para ver qu\u00e9 <\/span><strong style=\"font-size: 14px;\">resultados<\/strong><span style=\"font-size: 14px;\"> interesantes para la empresa, o para su clientela pueden obtenerse <\/span><strong style=\"font-size: 14px;\">a partir de sus datos.<\/strong><strong><\/strong><\/p>\n<p style=\"text-align: justify;\"><span style=\"font-size: 14px;\">&#8211; <\/span><strong style=\"font-size: 14px;\">Programas o herramientas personalizados,<\/strong><span style=\"font-size: 14px;\"> o acceso a programas comerciales si corresponde para llevar a cabo la captaci\u00f3n, an\u00e1lisis y muestra de datos. Se priorizar\u00e1 el software libre, o el comercial en el caso de que este suponga un ahorro de horas que compense el pago de las licencias comerciales, todo esto ser\u00e1 valorable en cada caso, y para cada necesidad.<\/span><strong><\/strong><\/p>\n<p style=\"text-align: justify;\">&#8211; Peque\u00f1as <strong>utilidades dise\u00f1adas y mantenidas por SialSIG<\/strong>, que supongan una utilidad que ofrezcamos a empresas, como mejora en el desarrollo de su actividad.<\/p>\n<p style=\"text-align: justify;\">&#8211; <strong>Colaboraci\u00f3n con empresas del sector,<\/strong> que realicen actividades similares. Establecer contactos con ellas y complementarnos en las actividades, para aumentar el valor de ambas, y ofrecer servicios m\u00e1s completos, de mayos calidad o en menos tiempo a nuestra clientela.<\/p>\n<p style=\"text-align: justify;\">&#8211; <strong>Introducci\u00f3n del uso del SIG en entidades, administraciones, asociaciones o peque\u00f1as empresas<\/strong>,<br \/> para su uso en actividades que se consideren de inter\u00e9s para el entorno.<\/p>\n<p style=\"text-align: justify;\">&#8211;<strong> Fomentar la colaboraci\u00f3n entre entidades poseedoras y gestoras de datos<\/strong> y las usuarias, y <span style=\"color: #003366;\"><strong>buscar necesidades y posibilidades comunes.<\/strong> <\/span>Implicar tambi\u00e9n a la poblaci\u00f3n para el enriquecimiento y uso de los mismos.<\/p>\n<p style=\"text-align: justify;\">&#8211; <strong>Formaci\u00f3n<\/strong> para la gesti\u00f3n y mantenimiento de los SIG implantados, y para<strong><em> dar a conocer las<\/em> utilidades y usos, tanto de los SIG<\/strong> como de la informaci\u00f3n que entre todos generamos. En funci\u00f3n de cada empresa, cada caso y cada SIG existir\u00e1n m\u00faltiples variaciones de las partes que puede comprender el SIG y de los trabajos que pueden realizarse.<\/p>\n<p>&nbsp;<\/p>\n<p>[\/et_pb_text][\/et_pb_column][\/et_pb_row][\/et_pb_section]<\/p>\n","protected":false},"excerpt":{"rendered":"<p>[et_pb_section fb_built=\u00bb1&#8243; _builder_version=\u00bb3.17.2&#8243;][et_pb_row _builder_version=\u00bb3.17.2&#8243;][et_pb_column type=\u00bb4_4&#8243; _builder_version=\u00bb3.17.2&#8243; parallax=\u00bboff\u00bb parallax_method=\u00bbon\u00bb][et_pb_text _builder_version=\u00bb3.17.2&#8243;] Trabajos realizados &#8211; Colaboraci\u00f3n en el dise\u00f1o y la realizaci\u00f3n del SIG del inventario de servicios para la realizaci\u00f3n de las obras del nuevo Camp Nou.\u00a0En colaboraci\u00f3n con Gpo Ingenier\u00eda y el FCB. &#8211; Estudio de alternativas de estudios informativos para definir corredores de paso de [&hellip;]<\/p>\n","protected":false},"author":1,"featured_media":0,"parent":0,"menu_order":0,"comment_status":"closed","ping_status":"closed","template":"","meta":[],"_links":{"self":[{"href":"https:\/\/sialsig.xyz\/index.php\/wp-json\/wp\/v2\/pages\/1171"}],"collection":[{"href":"https:\/\/sialsig.xyz\/index.php\/wp-json\/wp\/v2\/pages"}],"about":[{"href":"https:\/\/sialsig.xyz\/index.php\/wp-json\/wp\/v2\/types\/page"}],"author":[{"embeddable":true,"href":"https:\/\/sialsig.xyz\/index.php\/wp-json\/wp\/v2\/users\/1"}],"replies":[{"embeddable":true,"href":"https:\/\/sialsig.xyz\/index.php\/wp-json\/wp\/v2\/comments?post=1171"}],"version-history":[{"count":26,"href":"https:\/\/sialsig.xyz\/index.php\/wp-json\/wp\/v2\/pages\/1171\/revisions"}],"predecessor-version":[{"id":2046,"href":"https:\/\/sialsig.xyz\/index.php\/wp-json\/wp\/v2\/pages\/1171\/revisions\/2046"}],"wp:attachment":[{"href":"https:\/\/sialsig.xyz\/index.php\/wp-json\/wp\/v2\/media?parent=1171"}],"curies":[{"name":"wp","href":"https:\/\/api.w.org\/{rel}","templated":true}]}}