{"id":1360,"date":"2019-05-29T21:17:32","date_gmt":"2019-05-29T21:17:32","guid":{"rendered":"http:\/\/sialsig.xyz\/?page_id=1360"},"modified":"2019-05-29T21:39:25","modified_gmt":"2019-05-29T21:39:25","slug":"proyectos-interesantes-externos-a-sialsig-sccl","status":"publish","type":"page","link":"https:\/\/sialsig.xyz\/index.php\/proyectos-interesantes-externos-a-sialsig-sccl\/","title":{"rendered":"Proyectos interesantes externos a SialSIG, SCCL"},"content":{"rendered":"<p>[et_pb_section fb_built=\u00bb1&#8243; _builder_version=\u00bb3.17.2&#8243;][et_pb_row _builder_version=\u00bb3.17.2&#8243;][et_pb_column type=\u00bb4_4&#8243; _builder_version=\u00bb3.17.2&#8243; parallax=\u00bboff\u00bb parallax_method=\u00bbon\u00bb][et_pb_text _builder_version=\u00bb3.17.2&#8243;]<\/p>\n<h5 style=\"text-align: left;\"><strong>Proyectos que vemos interesantes, externos a SialSIG, SCCL, pero que queremos compartir.<\/strong><\/h5>\n<p>&nbsp;<\/p>\n<p>Iremos poniendo aqu\u00ed enlaces y res\u00famenes de proyectos que veamos que resulten interesantes, para que pod\u00e1is conocerlos y consultarlos.<\/p>\n<p>&nbsp;<\/p>\n<p><span style=\"color: #0a97ad;\"><em><strong>Esperamos que os resulten de utilidad.<\/strong><\/em><\/span><\/p>\n<p>[\/et_pb_text][et_pb_image src=\u00bbhttp:\/\/sialsig.xyz\/wp-content\/uploads\/2019\/05\/hands-600497_1280.jpg\u00bb _builder_version=\u00bb3.17.2&#8243;][\/et_pb_image][et_pb_blog show_more=\u00bbon\u00bb show_categories=\u00bboff\u00bb fullwidth=\u00bboff\u00bb box_shadow_style=\u00bbpreset1&#8243; box_shadow_color=\u00bb#d6d6d6&#8243; _builder_version=\u00bb3.17.2&#8243; include_categories=\u00bb26&#8243; border_style_all=\u00bbnone\u00bb custom_margin=\u00bb80px||\u00bb module_class=\u00bbblog_same_height\u00bb][\/et_pb_blog][\/et_pb_column][\/et_pb_row][\/et_pb_section]<\/p>\n","protected":false},"excerpt":{"rendered":"<p>[et_pb_section fb_built=\u00bb1&#8243; _builder_version=\u00bb3.17.2&#8243;][et_pb_row _builder_version=\u00bb3.17.2&#8243;][et_pb_column type=\u00bb4_4&#8243; _builder_version=\u00bb3.17.2&#8243; parallax=\u00bboff\u00bb parallax_method=\u00bbon\u00bb][et_pb_text _builder_version=\u00bb3.17.2&#8243;] Proyectos que vemos interesantes, externos a SialSIG, SCCL, pero que queremos compartir. &nbsp; Iremos poniendo aqu\u00ed enlaces y res\u00famenes de proyectos que veamos que resulten interesantes, para que pod\u00e1is conocerlos y consultarlos. &nbsp; Esperamos que os resulten de utilidad. [\/et_pb_text][et_pb_image src=\u00bbhttp:\/\/sialsig.xyz\/wp-content\/uploads\/2019\/05\/hands-600497_1280.jpg\u00bb _builder_version=\u00bb3.17.2&#8243;][\/et_pb_image][et_pb_blog show_more=\u00bbon\u00bb show_categories=\u00bboff\u00bb fullwidth=\u00bboff\u00bb box_shadow_style=\u00bbpreset1&#8243; [&hellip;]<\/p>\n","protected":false},"author":1,"featured_media":0,"parent":0,"menu_order":0,"comment_status":"closed","ping_status":"closed","template":"","meta":[],"_links":{"self":[{"href":"https:\/\/sialsig.xyz\/index.php\/wp-json\/wp\/v2\/pages\/1360"}],"collection":[{"href":"https:\/\/sialsig.xyz\/index.php\/wp-json\/wp\/v2\/pages"}],"about":[{"href":"https:\/\/sialsig.xyz\/index.php\/wp-json\/wp\/v2\/types\/page"}],"author":[{"embeddable":true,"href":"https:\/\/sialsig.xyz\/index.php\/wp-json\/wp\/v2\/users\/1"}],"replies":[{"embeddable":true,"href":"https:\/\/sialsig.xyz\/index.php\/wp-json\/wp\/v2\/comments?post=1360"}],"version-history":[{"count":5,"href":"https:\/\/sialsig.xyz\/index.php\/wp-json\/wp\/v2\/pages\/1360\/revisions"}],"predecessor-version":[{"id":1377,"href":"https:\/\/sialsig.xyz\/index.php\/wp-json\/wp\/v2\/pages\/1360\/revisions\/1377"}],"wp:attachment":[{"href":"https:\/\/sialsig.xyz\/index.php\/wp-json\/wp\/v2\/media?parent=1360"}],"curies":[{"name":"wp","href":"https:\/\/api.w.org\/{rel}","templated":true}]}}