{"id":1519,"date":"2020-05-14T09:23:12","date_gmt":"2020-05-14T09:23:12","guid":{"rendered":"https:\/\/sialsigxyz.esy.es\/?page_id=1519"},"modified":"2022-11-13T23:35:54","modified_gmt":"2022-11-13T23:35:54","slug":"covid-19","status":"publish","type":"page","link":"https:\/\/sialsig.xyz\/index.php\/covid-19\/","title":{"rendered":"COVID &#8211; 19"},"content":{"rendered":"[et_pb_section fb_built=\u00bb1&#8243; admin_label=\u00bbsection\u00bb _builder_version=\u00bb3.0.47&#8243;][et_pb_row admin_label=\u00bbrow\u00bb _builder_version=\u00bb3.0.48&#8243; background_size=\u00bbinitial\u00bb background_position=\u00bbtop_left\u00bb background_repeat=\u00bbrepeat\u00bb][et_pb_column type=\u00bb4_4&#8243; _builder_version=\u00bb3.0.47&#8243; parallax=\u00bboff\u00bb parallax_method=\u00bbon\u00bb][et_pb_text admin_label=\u00bbText\u00bb _builder_version=\u00bb3.17.2&#8243; background_size=\u00bbinitial\u00bb background_position=\u00bbtop_left\u00bb background_repeat=\u00bbrepeat\u00bb]<p>&nbsp;<\/p>\n<h2 style=\"text-align: center;\"><span style=\"color: #080a87;\"><strong>\u00a0COVID &#8211; 19<\/strong><\/span><\/h2>\n<p><span style=\"color: #080a87;\"><strong><\/strong><\/span><\/p>\n<p><span style=\"color: #080a87;\"><strong><\/strong><\/span><\/p>\n<p><span style=\"font-size: medium;\">Durante la temporada en la que vivimos esta extra\u00f1a situaci\u00f3n, en <span style=\"color: #000080;\"><strong>SialSIG, SCCL<\/strong><\/span><strong> continuamos con nuestra actividad.<\/strong><\/span><\/p>\n<p><span style=\"font-size: medium; font-family: inherit; font-weight: normal;\">Por suerte, o m\u00e1s bien por necesidad, nuestra actividad ya estaba basada en el teletrabajo en buena parte, por eso intentamos continuar con los proyectos en mente, y con todo aquello que est\u00e1bamos realizando, siempre que los clientes tambi\u00e9n pudieron adaptarse.\u00a0<\/span><\/p>\n<p><\/p>\n<p><span style=\"font-size: medium;\">Si hubo proyectos que quedaron en stand-by, como nos pas\u00f3 a tod@s, y esos se retomar\u00e1n en cuanto los clientes lo consideren oportuno.<\/span><\/p>\n<p><span style=\"font-size: medium;\">Tambi\u00e9n un freno a la evoluci\u00f3n y avance de la empresa, que a\u00fan colea.<\/span><\/p>\n<p><span style=\"font-size: medium;\"><!-- \/wp:paragraph --><\/span><\/p>\n<p><span style=\"font-size: medium;\">Desde en el momento en que recibimos una invitaci\u00f3n a un encuentro virtual en el que se quer\u00eda plantear crear un voluntariado para compartir y ofrecer servicios de soluciones y herramientas GEO, nos sumamos a la iniciativa y participamos de ella<strong>. Los sistemas de informaci\u00f3n geogr\u00e1fica, poseen una enorme utilidad en la gesti\u00f3n y muestra de la informaci\u00f3n. Algo muy necesario en esta crisis sanitaria.\u00a0<\/strong><\/span><span style=\"font-size: medium;\">Y pueden actuar desde y hacia m\u00faltiples \u00e1mbitos.\u00a0<\/span><\/p>\n<p><span style=\"font-size: medium;\">Adem\u00e1s es importante canalizar y compartir las ganas de ayudar, de hacer cosas \u00fatiles, que surgen en estos momentos as\u00ed como crear sinergias y compartir la gran capacidad de trabajo y de conocimiento que hay dentro de nosotros, que no encuentra muchas veces la manera de aflorar&#8230;..y en estos momentos, es en los que gestionarlo es algo que tiene mucho valor.<\/span><\/p>\n<p><span style=\"font-size: medium;\">\u00a0Se inici\u00f3\u00a0<a href=\"https:\/\/www.geovoluntarios.org\/\" target=\"_blank\" rel=\"noopener noreferrer\"><span style=\"color: #000080;\"><strong>geovoluntarios<\/strong><\/span>\u00a0y\u00a0<\/a>se hizo eso y mucho m\u00e1s, y estamos encantadas de formar parte del grupo.<\/span><\/p>\n<p><span style=\"font-size: medium;\"><strong>\u00a0No dudes en contactar si tienes propuestas, peticiones, o quieres colaborar.<\/strong><\/span><\/p>\n<p><span style=\"font-size: large;\">\u00a0<\/span><\/p>\n<p><span style=\"font-size: large;\"><\/span><\/p>\n<p><span style=\"font-size: large;\"><\/span><\/p>\n<p><span style=\"font-size: large;\"><em>Esperamos que las secuelas de todo esto pasen pronto, de la mejor manera posible, y que sirva para aprender, mejorar y valorar muchas cosas.<\/em>\u00a0<\/span><\/p>\n<p style=\"text-align: right;\"><strong>Laura Garc\u00eda Mara\u00f1a<\/strong><\/p>\n<p>&nbsp;<\/p>\n<p><!-- \/wp:paragraph --><\/p>\n<p>&nbsp;<\/p>[\/et_pb_text][\/et_pb_column][\/et_pb_row][\/et_pb_section]","protected":false},"excerpt":{"rendered":"<p>[et_pb_section fb_built=\u00bb1&#8243; admin_label=\u00bbsection\u00bb _builder_version=\u00bb3.0.47&#8243;][et_pb_row admin_label=\u00bbrow\u00bb _builder_version=\u00bb3.0.48&#8243; background_size=\u00bbinitial\u00bb background_position=\u00bbtop_left\u00bb background_repeat=\u00bbrepeat\u00bb][et_pb_column type=\u00bb4_4&#8243; _builder_version=\u00bb3.0.47&#8243; parallax=\u00bboff\u00bb parallax_method=\u00bbon\u00bb][et_pb_text admin_label=\u00bbText\u00bb _builder_version=\u00bb3.17.2&#8243; background_size=\u00bbinitial\u00bb background_position=\u00bbtop_left\u00bb background_repeat=\u00bbrepeat\u00bb] &nbsp; \u00a0COVID &#8211; 19 Durante la temporada en la que vivimos esta extra\u00f1a situaci\u00f3n, en SialSIG, SCCL continuamos con nuestra actividad. Por suerte, o m\u00e1s bien por necesidad, nuestra actividad ya estaba basada en el teletrabajo en [&hellip;]<\/p>\n","protected":false},"author":1,"featured_media":0,"parent":0,"menu_order":0,"comment_status":"closed","ping_status":"closed","template":"","meta":[],"_links":{"self":[{"href":"https:\/\/sialsig.xyz\/index.php\/wp-json\/wp\/v2\/pages\/1519"}],"collection":[{"href":"https:\/\/sialsig.xyz\/index.php\/wp-json\/wp\/v2\/pages"}],"about":[{"href":"https:\/\/sialsig.xyz\/index.php\/wp-json\/wp\/v2\/types\/page"}],"author":[{"embeddable":true,"href":"https:\/\/sialsig.xyz\/index.php\/wp-json\/wp\/v2\/users\/1"}],"replies":[{"embeddable":true,"href":"https:\/\/sialsig.xyz\/index.php\/wp-json\/wp\/v2\/comments?post=1519"}],"version-history":[{"count":23,"href":"https:\/\/sialsig.xyz\/index.php\/wp-json\/wp\/v2\/pages\/1519\/revisions"}],"predecessor-version":[{"id":1964,"href":"https:\/\/sialsig.xyz\/index.php\/wp-json\/wp\/v2\/pages\/1519\/revisions\/1964"}],"wp:attachment":[{"href":"https:\/\/sialsig.xyz\/index.php\/wp-json\/wp\/v2\/media?parent=1519"}],"curies":[{"name":"wp","href":"https:\/\/api.w.org\/{rel}","templated":true}]}}