{"id":1615,"date":"2020-06-05T21:36:18","date_gmt":"2020-06-05T21:36:18","guid":{"rendered":"https:\/\/sialsigxyz.esy.es\/?page_id=1615"},"modified":"2022-11-13T23:23:41","modified_gmt":"2022-11-13T23:23:41","slug":"proyectos-en-proceso","status":"publish","type":"page","link":"https:\/\/sialsig.xyz\/index.php\/proyectos-en-proceso\/","title":{"rendered":"Proyectos en proceso"},"content":{"rendered":"<p>[et_pb_section fb_built=\u00bb1&#8243; admin_label=\u00bbsection\u00bb _builder_version=\u00bb3.0.47&#8243; custom_padding=\u00bb54px|0px|0|0px|false|false\u00bb][et_pb_row admin_label=\u00bbrow\u00bb _builder_version=\u00bb3.17.2&#8243; background_size=\u00bbinitial\u00bb background_position=\u00bbtop_left\u00bb background_repeat=\u00bbrepeat\u00bb][et_pb_column type=\u00bb4_4&#8243; _builder_version=\u00bb3.0.47&#8243; parallax=\u00bboff\u00bb parallax_method=\u00bbon\u00bb][et_pb_text admin_label=\u00bbText\u00bb _builder_version=\u00bb3.0.74&#8243; background_size=\u00bbinitial\u00bb background_position=\u00bbtop_left\u00bb background_repeat=\u00bbrepeat\u00bb][\/et_pb_text][et_pb_text _builder_version=\u00bb3.17.2&#8243;]<\/p>\n<h1><span style=\"color: #000080; font-size: xx-large;\"><strong>PROYECTOS EN CURSO<\/strong><\/span><\/h1>\n<p><span style=\"color: #000080; font-size: xx-large;\"><strong><\/strong><\/span><\/p>\n<h2><span style=\"font-size: medium; color: #000000;\">Compartiremos aqu\u00ed los proyectos en curso, incluyendo algunos de los proyectos de iniciativa propia, <span style=\"font-size: large;\"><strong>que nos gustar\u00eda llevar a cabo<\/strong><\/span>, y que nos parece interesante compartir, para que nos des tu opini\u00f3n, apoyo, sugerencias&#8230;, si\u00e9ntete libre de dar tu opini\u00f3n, si los proponemos es porque creemos que pueden ser \u00fatiles y necesarios, y qui\u00e9nes mejor que <a href=\"mailto:vosotr@s \" style=\"color: #000000;\">vosotr@s <\/a>para opinar.<\/span><\/h2>\n<p><span style=\"font-size: medium; color: #000000;\"><\/span><\/p>\n<p><span size=\"3\" style=\"font-size: medium;\">En las redes sociales veras alguno m\u00e1s, seg\u00fan las ideas que tengamos en mente en cada momento, y lo que consideremos interesante compartir.<\/span><\/p>\n<p>&nbsp;<\/p>\n<p>[\/et_pb_text][\/et_pb_column][\/et_pb_row][\/et_pb_section][et_pb_section fb_built=\u00bb1&#8243; fullwidth=\u00bbon\u00bb _builder_version=\u00bb3.17.2&#8243;][et_pb_fullwidth_image src=\u00bbhttps:\/\/sialsig.xyz\/wp-content\/uploads\/2022\/05\/busco-extraescolar-para-fondo-azul.png\u00bb url=\u00bbhttps:\/\/buscoextraescolar.xyz\/\u00bb _builder_version=\u00bb3.17.2&#8243; max_width=\u00bb23%\u00bb module_alignment=\u00bbcenter\u00bb][\/et_pb_fullwidth_image][\/et_pb_section][et_pb_section fb_built=\u00bb1&#8243; _builder_version=\u00bb3.17.2&#8243;][et_pb_row _builder_version=\u00bb3.17.2&#8243;][et_pb_column type=\u00bb4_4&#8243; _builder_version=\u00bb3.17.2&#8243; parallax=\u00bboff\u00bb parallax_method=\u00bbon\u00bb][et_pb_image src=\u00bbhttps:\/\/sialsig.xyz\/wp-content\/uploads\/2022\/05\/Slider-Mapa.jpg\u00bb _builder_version=\u00bb3.17.2&#8243;][\/et_pb_image][\/et_pb_column][\/et_pb_row][\/et_pb_section][et_pb_section fb_built=\u00bb1&#8243; _builder_version=\u00bb3.17.2&#8243;][et_pb_row _builder_version=\u00bb3.17.2&#8243;][et_pb_column type=\u00bb4_4&#8243; _builder_version=\u00bb3.17.2&#8243; parallax=\u00bboff\u00bb parallax_method=\u00bbon\u00bb][et_pb_text _builder_version=\u00bb3.17.2&#8243;]<\/p>\n<div class=\"wp-block-group alignwide\">\n<div class=\"wp-block-group__inner-container\">\n<p class=\"has-text-align-center\"><span style=\"font-size: x-large;\"><strong>\u201cVolem mostrar en temps real l\u2019oferta d\u2019extraescolars a Barcelona\u201d.<\/strong><\/span><\/p>\n<p>&nbsp;<\/p>\n<\/div>\n<\/div>\n<p><span style=\"font-size: large;\">Volem que puguis consultar-la de manera \u00e0gil i detallada en un mapa.\u00a0<strong>Per poder con\u00e8ixer les activitats i qui les<\/strong>\u00a0ofereix; els grups d\u2019edat, els horaris, si disposen de places lliures i com contactar per accedir-hi.<\/span><\/p>\n<p>&nbsp;<\/p>\n<p><span style=\"font-size: large;\">Trobar la que tinguis m\u00e9s a prop i disposa de<strong>\u00a0les dades de contacte<\/strong>, tot directament des del mapa.<\/span><\/p>\n<p class=\"has-drop-cap\"><span style=\"font-size: large;\">Si no trobes una activitat que t\u2019interessaria, podr\u00e0s indicar-la marcant la zona determinada on vols que s\u2019ofereixi. Podr\u00e0s fer-ho\u00a0c\u00f2modament, des\u00a0d\u2019un\u00a0formulari<strong>,<\/strong>\u00a0i\u00a0les entitats prove\u00efdores podran\u00a0<strong>veure al mapa la teva demanda<\/strong>\u00a0en el lloc on assenyalis.<\/span><\/p>\n<div aria-hidden=\"true\" class=\"wp-block-spacer\"><\/div>\n<p>&nbsp;<\/p>\n<p>&nbsp;<\/p>\n<div class=\"wp-block-group alignwide has-background\">\n<div class=\"wp-block-group__inner-container\">\n<div class=\"wp-block-group\">\n<div class=\"wp-block-group__inner-container\">\n<h2 class=\"has-text-align-center has-black-color has-text-color has-background\"><strong>Contactarem amb els entitats,<\/strong><br \/><strong> perqu\u00e8 totes puguin estar al mapa!<\/strong><\/h2>\n<\/div>\n<\/div>\n<\/div>\n<\/div>\n<p>[\/et_pb_text][\/et_pb_column][\/et_pb_row][\/et_pb_section][et_pb_section fb_built=\u00bb1&#8243; _builder_version=\u00bb3.17.2&#8243; custom_padding=\u00bb34px|0px|54px|0px|false|false\u00bb][et_pb_row _builder_version=\u00bb3.17.2&#8243;][et_pb_column type=\u00bb4_4&#8243; _builder_version=\u00bb3.17.2&#8243; parallax=\u00bboff\u00bb parallax_method=\u00bbon\u00bb][et_pb_blog include_categories=\u00bb29&#8243; show_thumbnail=\u00bboff\u00bb show_content=\u00bbon\u00bb show_author=\u00bboff\u00bb show_date=\u00bboff\u00bb show_categories=\u00bboff\u00bb _builder_version=\u00bb3.17.2&#8243; header_font=\u00bb||||||||\u00bb body_font=\u00bb||||||||\u00bb body_font_size=\u00bb17px\u00bb][\/et_pb_blog][et_pb_text _builder_version=\u00bb3.17.2&#8243;][\/et_pb_text][\/et_pb_column][\/et_pb_row][\/et_pb_section]<\/p>\n","protected":false},"excerpt":{"rendered":"<p>[et_pb_section fb_built=\u00bb1&#8243; admin_label=\u00bbsection\u00bb _builder_version=\u00bb3.0.47&#8243; custom_padding=\u00bb54px|0px|0|0px|false|false\u00bb][et_pb_row admin_label=\u00bbrow\u00bb _builder_version=\u00bb3.17.2&#8243; background_size=\u00bbinitial\u00bb background_position=\u00bbtop_left\u00bb background_repeat=\u00bbrepeat\u00bb][et_pb_column type=\u00bb4_4&#8243; _builder_version=\u00bb3.0.47&#8243; parallax=\u00bboff\u00bb parallax_method=\u00bbon\u00bb][et_pb_text admin_label=\u00bbText\u00bb _builder_version=\u00bb3.0.74&#8243; background_size=\u00bbinitial\u00bb background_position=\u00bbtop_left\u00bb background_repeat=\u00bbrepeat\u00bb][\/et_pb_text][et_pb_text _builder_version=\u00bb3.17.2&#8243;] PROYECTOS EN CURSO Compartiremos aqu\u00ed los proyectos en curso, incluyendo algunos de los proyectos de iniciativa propia, que nos gustar\u00eda llevar a cabo, y que nos parece interesante compartir, para que nos des tu opini\u00f3n, [&hellip;]<\/p>\n","protected":false},"author":1,"featured_media":0,"parent":0,"menu_order":0,"comment_status":"closed","ping_status":"closed","template":"","meta":[],"_links":{"self":[{"href":"https:\/\/sialsig.xyz\/index.php\/wp-json\/wp\/v2\/pages\/1615"}],"collection":[{"href":"https:\/\/sialsig.xyz\/index.php\/wp-json\/wp\/v2\/pages"}],"about":[{"href":"https:\/\/sialsig.xyz\/index.php\/wp-json\/wp\/v2\/types\/page"}],"author":[{"embeddable":true,"href":"https:\/\/sialsig.xyz\/index.php\/wp-json\/wp\/v2\/users\/1"}],"replies":[{"embeddable":true,"href":"https:\/\/sialsig.xyz\/index.php\/wp-json\/wp\/v2\/comments?post=1615"}],"version-history":[{"count":11,"href":"https:\/\/sialsig.xyz\/index.php\/wp-json\/wp\/v2\/pages\/1615\/revisions"}],"predecessor-version":[{"id":1957,"href":"https:\/\/sialsig.xyz\/index.php\/wp-json\/wp\/v2\/pages\/1615\/revisions\/1957"}],"wp:attachment":[{"href":"https:\/\/sialsig.xyz\/index.php\/wp-json\/wp\/v2\/media?parent=1615"}],"curies":[{"name":"wp","href":"https:\/\/api.w.org\/{rel}","templated":true}]}}