{"id":1803,"date":"2021-04-20T12:26:10","date_gmt":"2021-04-20T12:26:10","guid":{"rendered":"https:\/\/sialsig.xyz\/?page_id=1803"},"modified":"2022-09-27T23:07:59","modified_gmt":"2022-09-27T23:07:59","slug":"politica-de-privacidad-sialsig-sccl","status":"publish","type":"page","link":"https:\/\/sialsig.xyz\/index.php\/politica-de-privacidad-sialsig-sccl\/","title":{"rendered":"Pol\u00edtica de privacidad SialSIG, SCCL"},"content":{"rendered":"<p>[et_pb_section fb_built=\u00bb1&#8243; _builder_version=\u00bb3.17.2&#8243;][et_pb_row _builder_version=\u00bb3.17.2&#8243;][et_pb_column type=\u00bb4_4&#8243; _builder_version=\u00bb3.17.2&#8243; parallax=\u00bboff\u00bb parallax_method=\u00bbon\u00bb][et_pb_text _builder_version=\u00bb3.17.2&#8243;]<\/p>\n<p><span style=\"color: #1da3ad;\"><strong>Responsable del Tratamiento<\/strong><\/span><\/p>\n<p>La empresa responsable del tratamiento de sus datos en virtud de esta Pol\u00edtica de privacidad es: <strong>SialSIG, SCCL<\/strong> NIF: F67216051<\/p>\n<p>Domicilio: Florida 53 \u00c1tico 1\u00aa 08016 Barcelona Espa\u00f1a<span style=\"color: #000000;\"><a href=\"mailto:sialsig@gmail.com\" style=\"color: #000000;\"> Direcci\u00f3n de correo electr\u00f3nico: sialsig@gmail.com Web: sialsig.xyz\u00a0\u00a0<\/a><\/span>Tel\u00e9fono: 658310724<\/p>\n<p>Inscrita en el Registro Mercantil de Numero de asiento 1 en la hoja de inscripci\u00f3n 15099 del registro de cooperativas de Barcelona.<\/p>\n<p><span style=\"font-size: 14px;\">En SialSIG, SCCL, reconocemos la importancia de proteger su informaci\u00f3n personal y estamos comprometidos a tratarla con responsabilidad y de conformidad con las leyes de protecci\u00f3n de datos.<\/span><\/p>\n<p>La presente pol\u00edtica de privacidad pretende regular todos los aspectos relativos al tratamiento de datos de los diferentes usuarios que navegan o facilitan sus datos personales a trav\u00e9s de los diferentes formularios situados en la web.<\/p>\n<p>&nbsp;<\/p>\n<p><strong>Datos Personales<\/strong><\/p>\n<p>Un dato personal es la informaci\u00f3n que le identifica o le hace identificable. A trav\u00e9s de la web, en las casillas establecidas al efecto recogemos los datos personales que el usuario nos comunica: nombre, apellidos, correo electr\u00f3nico, tel\u00e9fono, direcci\u00f3n postal, poblaci\u00f3n, etc., as\u00ed como todos aquellos datos que voluntariamente nos proporcione a trav\u00e9s de cualquier de las redes sociales de las cuales el usuario est\u00e1 registrado. En este caso, la privacidad depender\u00e1 de la propia configuraci\u00f3n establecida por el usuario as\u00ed como de los t\u00e9rminos y condiciones de la propia red social.<\/p>\n<p><span style=\"font-size: 14px;\">La visita del usuario a la web no implica que tenga que facilitar ninguna informaci\u00f3n sobre sus datos personales. No obstante, en caso de facilitarlos, los datos ser\u00e1n tratados de forma l\u00edcita con sujeci\u00f3n en todo momento a los principios y derechos recogidos en el RGPD 2016\/679 de 27 de abril de 2016 y la LOPDGDD 3\/2018 del 5 de diciembre.<\/span><\/p>\n<p>&nbsp;<\/p>\n<p><strong>Finalidad, duraci\u00f3n y legitimaci\u00f3n del tratamiento<\/strong>:<\/p>\n<p>Los datos que el usuario nos proporcione los trataremos con las siguientes finalidades:<\/p>\n<p>Mejorar su experiencia al navegar por la web. Estos datos los conservaremos mientras el usuario no revoque su consentimiento al tratamiento de los mismos eliminando las cookies y durante el tiempo establecido por la ley con una duraci\u00f3n m\u00ednima de 3 a\u00f1os.<\/p>\n<p><span style=\"font-size: 14px;\">La base de legitimaci\u00f3n para mejorar su experiencia al navegar por la web es el consentimiento que otorga el usuario al aceptar las cookies. El usuario tiene derecho a revocar su consentimiento en cualquier momento sin que ello afecte a la licitud del tratamiento basado en el consentimiento previo a su retirada.<\/span><\/p>\n<p><span style=\"font-size: 14px;\">Gestionar nuestras <\/span><strong style=\"font-size: 14px;\">redes sociales <\/strong><span style=\"font-size: 14px;\">y enviarle informaci\u00f3n sobre nuestras actividades y productos. Estos datos los conservaremos mientras el usuario no revoque su consentimiento al tratamiento de los mismos y durante el tiempo establecido por la ley con una duraci\u00f3n m\u00ednima de 3 a\u00f1os.<\/span><\/p>\n<p>La base leg\u00edtima para gestionar nuestras redes sociales y enviarle nuestras actividades y novedades es el consentimiento que nos otorga para ello. El usuario tiene derecho a revocar su consentimiento en cualquier momento sin que ello afecte a la licitud del tratamiento basado en el consentimiento previo a su retirada.<\/p>\n<p>Gestionar el env\u00edo de <strong>encuestas <\/strong>en base a la compra del producto o servicio solicitado para mejorar d\u00eda a d\u00eda la experiencia de nuestros clientes. Los datos de car\u00e1cter personal se suprimir\u00e1n una vez haya concluido la encuesta as\u00ed como el tiempo razonable para realizar mejoras, activar nuevos servicios y cumplir los requisitos que exija la legislaci\u00f3n aplicable.<\/p>\n<p>El tratamiento de sus datos se basar\u00e1 en el inter\u00e9s leg\u00edtimo por mejorar la calidad del servicio cuando el usuario haya adquirido bienes y\/o servicios. En caso no existir tal relaci\u00f3n contractual, el tratamiento de datos se basar\u00e1 en el consentimiento del usuario recogido en la normativa actual vigente. Asimismo, en caso de retirar su consentimiento a cualquiera de los tratamientos, ello no afectar\u00e1 a la licitud de los tratamientos efectuados con anterioridad.<\/p>\n<p><span>\u00a0<\/span><span style=\"font-size: 14px;\">\u00a0<\/span><\/p>\n<p><strong>Cesi\u00f3n o comunicaci\u00f3n de datos personales y transferencias internacionales<\/strong><\/p>\n<p>Sus datos no se comunicar\u00e1n ni ser\u00e1n cedidos a terceros, salvo que exista alguna obligaci\u00f3n legal o aquellos prestadores vinculados al Responsable que act\u00faan como encargados del tratamiento.<\/p>\n<p>\u200bNuestros servidores est\u00e1n ubicados en la Uni\u00f3n Europea, y con car\u00e1cter general, contratamos prestadores de servicios ubicados tambi\u00e9n dentro del Espacio Econ\u00f3mico Europeo o en pa\u00edses que han sido declarados con un nivel adecuado de protecci\u00f3n.<\/p>\n<p>Si necesitamos utilizar proveedores de servicios externos que requieran la transmisi\u00f3n de datos personales fuera \u200bde \u200bla Uni\u00f3n Europea o en pa\u00edses que no han sido declarados con un nivel adecuado de protecci\u00f3n, nos aseguraremos de garantizar la seguridad y legitimidad del tratamiento de sus datos mediante decisiones de adecuaci\u00f3n, cl\u00e1usulas tipo, normas corporativas vinculantes, excepciones o cualquier otro instrumento aprobado por la autoridad de control que ofrezca las garant\u00edas adecuadas para la realizaci\u00f3n de la transferencia internacional de datos.<\/p>\n<p>&nbsp;<\/p>\n<p><strong>Actualizaci\u00f3n de datos<\/strong><\/p>\n<p>Es importante que para que podamos mantener los datos personales actualizados, el usuario nos informe siempre que haya habido alguna modificaci\u00f3n en ellos, en caso contrario, no respondemos de la veracidad de los mismos.<\/p>\n<p>El usuario garantiza que los datos personales facilitados son veraces garantizando que toda la informaci\u00f3n facilitada corresponde con la situaci\u00f3n real, que est\u00e1 actualizada y es exacta, quedando obligado a comunicar cualquier modificaci\u00f3n.<\/p>\n<p>&nbsp;<\/p>\n<p><strong>Datos de Terceros<\/strong><\/p>\n<p>Si el usuario facilita datos de terceras personas para cualquier finalidad a SialSIG, SCCL, garantiza que ha obtenido estos datos de forma l\u00edcita, que ha informado previamente a los afectados, obteniendo su consentimiento para comunicarlos y que la informaci\u00f3n facilitada es exacta y veraz.<\/p>\n<p>&nbsp;<\/p>\n<p><strong>Car\u00e1cter obligatorio de la informaci\u00f3n solicitada<\/strong><\/p>\n<p>Todos nuestros formularios cuentan con un asterisco (*) en los datos obligatorios. Si el usuario no facilita esos campos, o no marca la casilla de aceptaci\u00f3n de la pol\u00edtica de privacidad, no se permitir\u00e1 el env\u00edo de la informaci\u00f3n.<\/p>\n<p>&nbsp;<\/p>\n<p><strong>Uso de las contrase\u00f1as<\/strong><\/p>\n<p>Para poder acceder al \u00c1rea Privada, el USUARIO deber\u00e1 \u201cIniciar Sesi\u00f3n\u201d e incluir la direcci\u00f3n del correo electr\u00f3nico y contrase\u00f1a generada en el formulario de registro de acuerdo a las reglas de complejidad que se establezcan en cada momento en la web.<\/p>\n<p>Los usuarios son responsables de la adecuada custodia y confidencialidad de cualesquiera de los identificadores y\/o contrase\u00f1as que hayan seleccionado en el registro, y se comprometen a no ceder su uso a terceros, ni permitir su acceso a personas ajenas.<\/p>\n<p>Asimismo, ser\u00e1 obligaci\u00f3n del usuario notificar de forma inmediata al Responsable cualquier hecho que permita el uso indebido de los identificadores y\/o contrase\u00f1as, tales como el robo, el extrav\u00edo, o el acceso no autorizado a los mismos, con el fin de proceder a su inmediata cancelaci\u00f3n.<\/p>\n<p>&nbsp;<\/p>\n<p><strong>Derechos de los interesados<\/strong><\/p>\n<p>Tiene derecho a acceder a sus datos y a obtener confirmaci\u00f3n sobre su tratamiento, as\u00ed como una copia de los datos personales objeto de tratamiento. Tiene derecho a actualizarlos y solicitar la rectificaci\u00f3n de los datos que sean inexactos o solicitar la supresi\u00f3n cuando los datos no sean necesarios para los fines para los que fueron recabados. Puede solicitar la limitaci\u00f3n en el tratamiento de sus datos y oponerse al tratamiento de los mismos revocando su consentimiento, as\u00ed como ejercer el derecho a la portabilidad de los datos. Del mismo modo, tiene derecho a no ser objeto de decisiones basadas \u00fanicamente en el tratamiento automatizado de sus datos personales. Puede ejercer sus derechos contactando con nosotros Florida, 53 Atico 1\u00aa &#8211; 08016 Barcelona<span><a href=\"mailto:info@sialsig.xyz\"> (Barcelona). E-mail: info@sialsig.xyz.<\/a><\/span><\/p>\n<p>Si considera que sus derechos no se han atendido debidamente, tiene derecho a presentar una reclamaci\u00f3n ante la autoridad de <span><a href=\"http:\/\/www.aepd.es\">control en www.aepd.es.<\/a><\/span><\/p>\n<p>&nbsp;<\/p>\n<p><strong>Tratamiento de datos de Menores de edad<\/strong><\/p>\n<p>Quien facilita los datos a trav\u00e9s de los formularios de esta web y acepta su tratamiento declara ser mayor de 14 a\u00f1os, quedando prohibido el acceso y uso del portal a menores de dicha edad. Si en alg\u00fan momento, el Responsable detecta que un menor de 14 a\u00f1os ha proporcionado datos de car\u00e1cter personal, procederemos a la cancelaci\u00f3n de los mismos. Asimismo, los padres o tutores podr\u00e1n en cualquier caso dirigirse a SialSIG, SCCL para bloquear la cuenta de acceso de los menores a su cargo que se hubieran registrado falseando su identidad.<\/p>\n<p>&nbsp;<\/p>\n<p><strong>Redes sociales<\/strong><\/p>\n<p>El objeto de las herramientas como Facebook, Twitter, Instagram, etc. u otras redes sociales es dar visibilidad y difusi\u00f3n a las actividades que desarrolla nuestra organizaci\u00f3n. Estas herramientas almacenan datos personales en los servidores de los servicios respectivos y se rigen por su propia pol\u00edtica de privacidad. Se recomienda la revisi\u00f3n y la lectura de las condiciones de uso y pol\u00edtica de privacidad de la red social en el momento de registrarse, teniendo en cuenta las diferentes posibilidades de configuraci\u00f3n en relaci\u00f3n al grado de privacidad del perfil de usuario en la red social.<\/p>\n<p>Asimismo, el Responsable se reserva el derecho de eliminar de sus redes sociales cualquier informaci\u00f3n publicada por terceros que vulnere la legalidad, incite a hacerlo o contenga mensajes que atenten contra la dignidad de personas o instituciones. Como tambi\u00e9n el derecho a bloquear o denunciar el perfil autor de estos mensajes.<\/p>\n<p>&nbsp;<\/p>\n<p><strong>Tratamiento de Cookies<\/strong><\/p>\n<p>Una cookie es un peque\u00f1o archivo que se descarga y almacena en el ordenador del usuario cuando este accede a una p\u00e1gina web. Las Cookies permiten a la web, entre otras cosas, almacenar y recuperar informaci\u00f3n sobre los h\u00e1bitos de navegaci\u00f3n del usuario o de su equipo y, dependiendo de la informaci\u00f3n que contengan y de la forma en que utilice su equipo, pueden utilizarse para reconocer al usuario.<\/p>\n<p>El usuario tiene la opci\u00f3n de impedir la generaci\u00f3n de cookies, mediante la selecci\u00f3n de la correspondiente opci\u00f3n en su programa de navegador. Puede obtener m\u00e1s informaci\u00f3n leyendo nuestra <a href=\"https:\/\/sialsigxyz.esy.es\/index.php\/politica-de-cookies\/\"><u>Pol\u00edtica de Cookies<\/u>.<\/a><\/p>\n<p>&nbsp;<\/p>\n<p style=\"text-align: right;\"><em>Fecha de actualizaci\u00f3n: 20\/04\/2021<\/em><\/p>\n<p><strong><\/strong><\/p>\n<p>&nbsp;<\/p>\n<p>[\/et_pb_text][\/et_pb_column][\/et_pb_row][\/et_pb_section]<\/p>\n","protected":false},"excerpt":{"rendered":"<p>[et_pb_section fb_built=\u00bb1&#8243; _builder_version=\u00bb3.17.2&#8243;][et_pb_row _builder_version=\u00bb3.17.2&#8243;][et_pb_column type=\u00bb4_4&#8243; _builder_version=\u00bb3.17.2&#8243; parallax=\u00bboff\u00bb parallax_method=\u00bbon\u00bb][et_pb_text _builder_version=\u00bb3.17.2&#8243;] Responsable del Tratamiento La empresa responsable del tratamiento de sus datos en virtud de esta Pol\u00edtica de privacidad es: SialSIG, SCCL NIF: F67216051 Domicilio: Florida 53 \u00c1tico 1\u00aa 08016 Barcelona Espa\u00f1a Direcci\u00f3n de correo electr\u00f3nico: sialsig@gmail.com Web: sialsig.xyz\u00a0\u00a0Tel\u00e9fono: 658310724 Inscrita en el Registro Mercantil de Numero [&hellip;]<\/p>\n","protected":false},"author":1,"featured_media":0,"parent":0,"menu_order":0,"comment_status":"closed","ping_status":"closed","template":"","meta":[],"_links":{"self":[{"href":"https:\/\/sialsig.xyz\/index.php\/wp-json\/wp\/v2\/pages\/1803"}],"collection":[{"href":"https:\/\/sialsig.xyz\/index.php\/wp-json\/wp\/v2\/pages"}],"about":[{"href":"https:\/\/sialsig.xyz\/index.php\/wp-json\/wp\/v2\/types\/page"}],"author":[{"embeddable":true,"href":"https:\/\/sialsig.xyz\/index.php\/wp-json\/wp\/v2\/users\/1"}],"replies":[{"embeddable":true,"href":"https:\/\/sialsig.xyz\/index.php\/wp-json\/wp\/v2\/comments?post=1803"}],"version-history":[{"count":6,"href":"https:\/\/sialsig.xyz\/index.php\/wp-json\/wp\/v2\/pages\/1803\/revisions"}],"predecessor-version":[{"id":1944,"href":"https:\/\/sialsig.xyz\/index.php\/wp-json\/wp\/v2\/pages\/1803\/revisions\/1944"}],"wp:attachment":[{"href":"https:\/\/sialsig.xyz\/index.php\/wp-json\/wp\/v2\/media?parent=1803"}],"curies":[{"name":"wp","href":"https:\/\/api.w.org\/{rel}","templated":true}]}}