{"id":253,"date":"2019-04-03T22:17:39","date_gmt":"2019-04-03T22:17:39","guid":{"rendered":"http:\/\/sialsigxyz.esy.es\/?page_id=253"},"modified":"2022-07-29T00:16:51","modified_gmt":"2022-07-29T00:16:51","slug":"contactanos","status":"publish","type":"page","link":"https:\/\/sialsig.xyz\/index.php\/contactanos\/","title":{"rendered":"Contactanos"},"content":{"rendered":"[et_pb_section fb_built=\u00bb1&#8243; admin_label=\u00bbsection\u00bb _builder_version=\u00bb3.17.2&#8243; custom_padding=\u00bb0|0px|0|0px|false|false\u00bb][et_pb_row custom_padding=\u00bb45px|0px|13px|0px|false|false\u00bb admin_label=\u00bbrow\u00bb _builder_version=\u00bb3.17.2&#8243; background_size=\u00bbinitial\u00bb background_position=\u00bbtop_left\u00bb background_repeat=\u00bbrepeat\u00bb border_color_all=\u00bb#ffffff\u00bb][et_pb_column type=\u00bb4_4&#8243; _builder_version=\u00bb3.0.47&#8243; parallax=\u00bboff\u00bb parallax_method=\u00bbon\u00bb][et_pb_text _builder_version=\u00bb3.17.2&#8243; custom_margin=\u00bb10px||0px\u00bb custom_margin_tablet=\u00bb0px||\u00bb custom_margin_phone=\u00bb0px|||\u00bb custom_margin_last_edited=\u00bbon|phone\u00bb]<h4>\u00a0<\/h4>\n<h3><strong>Cont\u00e1ctanos<\/strong><\/h3>\n<p><strong><\/strong><\/p>\n<p><strong>Si crees que tu informaci\u00f3n puede organizarse, y puede hacerlo geogr\u00e1ficamente, no dudes en contactarnos.<\/strong><\/p>\n<p>Seguro que podemos sacar mucho provecho de tus datos, podemos analizarlos y presentarlos de muchas maneras.<\/p>\n<p>Optimizaremos el proceso de obtenci\u00f3n y extracci\u00f3n de los datos, automatizaremos su gesti\u00f3n.<\/p>\n<p><strong><span style=\"color: #008080;\"><\/span><\/strong><\/p>\n<p><strong><span style=\"color: #008080;\">Cualquier duda que te plantees, no dudes en consult\u00e1rnosla. Estamos a tu disposici\u00f3n.<\/span><\/strong><\/p>\n<p><span style=\"font-size: 14px;\">Puedes hacerlo por mail, a <a href=\"mailto:info@sialsig.xyz\">info@sialsig.xyz<\/a><\/span><\/p>\n<p><span style=\"font-size: 14px;\"><\/span><\/p>\n<p><span style=\"font-size: 14px;\"><\/span><\/p>\n<p><br \/> <iframe id=\"datawrapper-chart-VTMa0\" style=\"width: 0; min-width: 100% !important;\" src=\"\/\/datawrapper.dwcdn.net\/VTMa0\/1\/\" height=\"670 frameborder=\" 0=\"\" scrolling=\"no\"><\/iframe><\/p>\n<p>\n<script type=\"text\/javascript\">\/\/ <![CDATA[\nif(\"undefined\"==typeof window.datawrapper)window.datawrapper={};window.datawrapper[\"VTMa0\"]={},window.datawrapper[\"VTMa0\"].embedDeltas={\"100\":582,\"200\":504,\"300\":487,\"400\":487,\"500\":470,\"700\":470,\"800\":470,\"900\":470,\"1000\":470},window.datawrapper[\"VTMa0\"].iframe=document.getElementById(\"datawrapper-chart-VTMa0\"),window.datawrapper[\"VTMa0\"].iframe.style.height=window.datawrapper[\"VTMa0\"].embedDeltas[Math.min(1e3,Math.max(100*Math.floor(window.datawrapper[\"VTMa0\"].iframe.offsetWidth\/100),100))]+\"px\",window.addEventListener(\"message\",function(a){if(\"undefined\"!=typeof a.data[\"datawrapper-height\"])for(var b in a.data[\"datawrapper-height\"])if(\"VTMa0\"==b)window.datawrapper[\"VTMa0\"].iframe.style.height=a.data[\"datawrapper-height\"][b]+\"px\"});\n\/\/ ]]><\/script>\n<\/p>\n<p style=\"text-align: center;\"><\/p>[\/et_pb_text][\/et_pb_column][\/et_pb_row][\/et_pb_section]","protected":false},"excerpt":{"rendered":"<p>[et_pb_section fb_built=\u00bb1&#8243; admin_label=\u00bbsection\u00bb _builder_version=\u00bb3.17.2&#8243; custom_padding=\u00bb0|0px|0|0px|false|false\u00bb][et_pb_row custom_padding=\u00bb45px|0px|13px|0px|false|false\u00bb admin_label=\u00bbrow\u00bb _builder_version=\u00bb3.17.2&#8243; background_size=\u00bbinitial\u00bb background_position=\u00bbtop_left\u00bb background_repeat=\u00bbrepeat\u00bb border_color_all=\u00bb#ffffff\u00bb][et_pb_column type=\u00bb4_4&#8243; _builder_version=\u00bb3.0.47&#8243; parallax=\u00bboff\u00bb parallax_method=\u00bbon\u00bb][et_pb_text _builder_version=\u00bb3.17.2&#8243; custom_margin=\u00bb10px||0px\u00bb custom_margin_tablet=\u00bb0px||\u00bb custom_margin_phone=\u00bb0px|||\u00bb custom_margin_last_edited=\u00bbon|phone\u00bb] \u00a0 Cont\u00e1ctanos Si crees que tu informaci\u00f3n puede organizarse, y puede hacerlo geogr\u00e1ficamente, no dudes en contactarnos. Seguro que podemos sacar mucho provecho de tus datos, podemos analizarlos y presentarlos de muchas maneras. Optimizaremos [&hellip;]<\/p>\n","protected":false},"author":1,"featured_media":0,"parent":0,"menu_order":0,"comment_status":"closed","ping_status":"closed","template":"","meta":[],"_links":{"self":[{"href":"https:\/\/sialsig.xyz\/index.php\/wp-json\/wp\/v2\/pages\/253"}],"collection":[{"href":"https:\/\/sialsig.xyz\/index.php\/wp-json\/wp\/v2\/pages"}],"about":[{"href":"https:\/\/sialsig.xyz\/index.php\/wp-json\/wp\/v2\/types\/page"}],"author":[{"embeddable":true,"href":"https:\/\/sialsig.xyz\/index.php\/wp-json\/wp\/v2\/users\/1"}],"replies":[{"embeddable":true,"href":"https:\/\/sialsig.xyz\/index.php\/wp-json\/wp\/v2\/comments?post=253"}],"version-history":[{"count":66,"href":"https:\/\/sialsig.xyz\/index.php\/wp-json\/wp\/v2\/pages\/253\/revisions"}],"predecessor-version":[{"id":1941,"href":"https:\/\/sialsig.xyz\/index.php\/wp-json\/wp\/v2\/pages\/253\/revisions\/1941"}],"wp:attachment":[{"href":"https:\/\/sialsig.xyz\/index.php\/wp-json\/wp\/v2\/media?parent=253"}],"curies":[{"name":"wp","href":"https:\/\/api.w.org\/{rel}","templated":true}]}}