{"id":577,"date":"2019-04-04T12:46:08","date_gmt":"2019-04-04T12:46:08","guid":{"rendered":"http:\/\/sialsigxyz.esy.es\/?page_id=577"},"modified":"2022-11-13T23:42:06","modified_gmt":"2022-11-13T23:42:06","slug":"que-hacemos","status":"publish","type":"page","link":"https:\/\/sialsig.xyz\/index.php\/que-hacemos\/","title":{"rendered":"Que hacemos"},"content":{"rendered":"<p>[et_pb_section fb_built=\u00bb1&#8243; _builder_version=\u00bb3.17.2&#8243; custom_padding=\u00bb38px|0px|54px|0px|false|false\u00bb][et_pb_row custom_padding=\u00bb13px|0px|0px|0px|false|false\u00bb _builder_version=\u00bb3.17.2&#8243;][et_pb_column type=\u00bb4_4&#8243; _builder_version=\u00bb3.17.2&#8243; parallax=\u00bboff\u00bb parallax_method=\u00bbon\u00bb][et_pb_text _builder_version=\u00bb3.17.2&#8243;]<\/p>\n<h3><span style=\"color: #000080;\"><strong>Qu\u00e9 hacemos\u00a0<\/strong><\/span><\/h3>\n<p>[\/et_pb_text][\/et_pb_column][\/et_pb_row][et_pb_row use_custom_width=\u00bbon\u00bb width_unit=\u00bboff\u00bb custom_width_percent=\u00bb100%\u00bb custom_padding=\u00bb0|0px|0px|0px|false|false\u00bb custom_margin=\u00bb||50px|0px\u00bb _builder_version=\u00bb3.17.2&#8243; module_alignment=\u00bbcenter\u00bb][et_pb_column type=\u00bb4_4&#8243; _builder_version=\u00bb3.17.2&#8243; parallax=\u00bboff\u00bb parallax_method=\u00bbon\u00bb][et_pb_text _builder_version=\u00bb3.17.2&#8243; text_font=\u00bb||||||||\u00bb quote_font=\u00bb||||||||\u00bb background_size=\u00bbcontain\u00bb background_position=\u00bbcenter_right\u00bb max_width=\u00bb80%\u00bb module_alignment=\u00bbcenter\u00bb custom_margin=\u00bb|||10px\u00bb][\/et_pb_text][et_pb_text _builder_version=\u00bb3.17.2&#8243; text_font=\u00bb||||||||\u00bb text_text_color=\u00bb#000000&#8243;]<\/p>\n<ul>\n<li style=\"padding-left: 270px;\"><span style=\"font-size: large; color: #151599;\"><strong>\u00a0<span style=\"font-size: medium;\">\u2013<span style=\"color: #000000;\"> Analizamos<\/span><\/span><\/strong><span style=\"font-size: medium; color: #000000;\">\u00a0las posibilidades de mejora para tu empresa o entidad, al utilizar los sistemas de informaci\u00f3n geogr\u00e1fica para la gesti\u00f3n de tus datos.<\/span><\/span><\/li>\n<\/ul>\n<ul>\n<li style=\"padding-left: 270px;\"><span style=\"font-size: medium; color: #000000;\">\u00a0\u2013 Buscamos la manera de sacar el\u00a0<strong>m\u00e1ximo resultado de tus datos<\/strong>, de facilitar su obtenci\u00f3n, de standarizar los formatos, y dise\u00f1amos e implantamos tu Sistema de informaci\u00f3n\u00a0 geogr\u00e1fica.<\/span><\/li>\n<\/ul>\n<ul>\n<li style=\"padding-left: 270px;\"><span style=\"font-size: medium; color: #000000;\">\u2013 Buscamos la estructura m\u00e1s adecuada para almacenar, tratar y visualizar los datos.<\/span><\/li>\n<\/ul>\n<ul>\n<li style=\"padding-left: 270px;\"><span style=\"font-size: medium; color: #000000;\">\u2013\u00a0<strong>Integramos el SIG<\/strong>\u00a0en los procesos habituales de la empresa, automatizamos y mejoramos los procesos que sean necesarios para optimizar el funcionamiento\u00a0del SIG, y conseguir minimizar tiempos y errores.<\/span><\/li>\n<\/ul>\n<ul>\n<li style=\"padding-left: 270px;\"><span style=\"font-size: medium; color: #000000;\">\u2013\u00a0<strong>Formamos<\/strong>\u00a0a tu empresa para una buena gesti\u00f3n del Sistema de informaci\u00f3n geogr\u00e1fica. Para sacar el m\u00e1ximo aprovechamiento.<\/span><\/li>\n<\/ul>\n<ul>\n<li style=\"padding-left: 270px;\"><span style=\"font-size: medium; color: #000000;\">\u2013 Participaremos en acciones para\u00a0<strong>obtener datos necesarios para la evoluci\u00f3n de los SIG<\/strong>, y para aumentar la utilizaci\u00f3n de los mismos por parte de las empresas y de la ciudadan\u00eda.<\/span><\/li>\n<\/ul>\n<ul>\n<li style=\"padding-left: 270px;\"><span style=\"font-size: medium; color: #000000;\">\u2013 Fomentaremos la\u00a0<strong>colaboraci\u00f3n entre empresas<\/strong>\u00a0del sector,\u00a0<strong>y entre usuarios<\/strong>\u00a0de los SIG.<\/span><\/li>\n<\/ul>\n<p>[\/et_pb_text][\/et_pb_column][\/et_pb_row][et_pb_row _builder_version=\u00bb3.17.2&#8243;][et_pb_column type=\u00bb4_4&#8243; _builder_version=\u00bb3.17.2&#8243; parallax=\u00bboff\u00bb parallax_method=\u00bbon\u00bb][et_pb_code _builder_version=\u00bb3.17.2&#8243;]&lt;div style=&quot;position: relative; width: 100%; height: 0; padding-top: 56.2500%;&lt;!&#8211; [et_pb_line_break_holder] &#8211;&gt; padding-bottom: 48px; box-shadow: 0 2px 8px 0 rgba(63,69,81,0.16); margin-top: 1.6em; margin-bottom: 0.9em; overflow: hidden;&lt;!&#8211; [et_pb_line_break_holder] &#8211;&gt; border-radius: 8px; will-change: transform;&quot;&gt;&lt;!&#8211; [et_pb_line_break_holder] &#8211;&gt;  &lt;iframe loading=&quot;lazy&quot; style=&quot;position: absolute; width: 100%; height: 100%; top: 0; left: 0; border: none; padding: 0;margin: 0;&quot;&lt;!&#8211; [et_pb_line_break_holder] &#8211;&gt;    src=&quot;https:\/\/www.canva.com\/design\/DAE8HSOASug\/view?embed&quot; allowfullscreen=&quot;allowfullscreen&quot; allow=&quot;fullscreen&quot;&gt;&lt;!&#8211; [et_pb_line_break_holder] &#8211;&gt;  &lt;\/iframe&gt;&lt;!&#8211; [et_pb_line_break_holder] &#8211;&gt;&lt;\/div&gt;&lt;!&#8211; [et_pb_line_break_holder] &#8211;&gt;&lt;a href=&quot;https:\/\/www.canva.com\/design\/DAE8HSOASug\/view?utm_content=DAE8HSOASug&amp;utm_campaign=designshare&amp;utm_medium=embeds&amp;utm_source=link&quot; target=&quot;_blank&quot; rel=&quot;noopener&quot;&gt;SialSIG, SCCL&lt;\/a&gt; de Laura Garc\u00eda Mara\u00f1a[\/et_pb_code][\/et_pb_column][\/et_pb_row][et_pb_row custom_padding=\u00bb0|0px|0px|0px|false|false\u00bb _builder_version=\u00bb3.17.2&#8243; module_alignment=\u00bbcenter\u00bb][et_pb_column type=\u00bb4_4&#8243; _builder_version=\u00bb3.17.2&#8243; parallax=\u00bboff\u00bb parallax_method=\u00bbon\u00bb][et_pb_text _builder_version=\u00bb3.17.2&#8243; background_size=\u00bbcontain\u00bb background_position=\u00bbcenter_right\u00bb link_option_url=\u00bbhttps:\/\/www.canva.com\/design\/DAE7vfAGuGw\/RxkPMMSKXSunODHItDIDKA\/view?utm_content=DAE7vfAGuGw&#038;utm_campaign=share_your_design&#038;utm_medium=link&#038;utm_source=shareyourdesignpanel#4&#8243;][\/et_pb_text][et_pb_text _builder_version=\u00bb3.17.2&#8243;]<\/p>\n<h3><span style=\"font-size: large;\"><strong style=\"color: #008080;\">Te mostramos a continuaci\u00f3n un resumen de nuestra carta de servicios.<\/strong><\/span><\/h3>\n<p><span style=\"font-size: large;\">Cualquier duda no dudes en contactarnos, estamos para solucionarla.<\/span><\/p>\n<p>&nbsp;<\/p>\n<p>[\/et_pb_text][et_pb_image src=\u00bbhttp:\/\/sialsigxyz.esy.es\/wp-content\/uploads\/2019\/04\/SialSIG-Presentacion_P\u00e1gina_1.jpg\u00bb url=\u00bbhttp:\/\/sialsigxyz.esy.es\/wp-content\/uploads\/2019\/04\/SialSIG-Presentacion_P\u00e1gina_1-1.jpg\u00bb url_new_window=\u00bbon\u00bb _builder_version=\u00bb3.17.2&#8243; custom_margin=\u00bb||30px\u00bb][\/et_pb_image][et_pb_divider color=\u00bb#12876f\u00bb divider_weight=\u00bb2px\u00bb _builder_version=\u00bb3.17.2&#8243; custom_margin=\u00bb60px||40px\u00bb][\/et_pb_divider][et_pb_image src=\u00bbhttp:\/\/sialsigxyz.esy.es\/wp-content\/uploads\/2019\/04\/SialSIG-Presentacion_P\u00e1gina_2.jpg\u00bb url=\u00bbhttp:\/\/sialsigxyz.esy.es\/wp-content\/uploads\/2019\/04\/SialSIG-Presentacion_P\u00e1gina_2-1.jpg\u00bb url_new_window=\u00bbon\u00bb _builder_version=\u00bb3.17.2&#8243; custom_margin=\u00bb30px||20px\u00bb][\/et_pb_image][et_pb_divider color=\u00bb#12876f\u00bb divider_weight=\u00bb2px\u00bb _builder_version=\u00bb3.17.2&#8243; custom_margin=\u00bb50px||10px\u00bb][\/et_pb_divider][et_pb_text _builder_version=\u00bb3.17.2&#8243;]<\/p>\n<p>Puedes descargar el pdf <a href=\"http:\/\/sialsigxyz.esy.es\/wp-content\/uploads\/2019\/04\/SialSIG-Presentacion.pdf\" target=\"_blank\" rel=\"noopener noreferrer\"><span style=\"color: #800000;\"><\/span><\/a>si te interesa.<\/p>\n<p>[\/et_pb_text][\/et_pb_column][\/et_pb_row][\/et_pb_section]<\/p>\n","protected":false},"excerpt":{"rendered":"<p>[et_pb_section fb_built=\u00bb1&#8243; _builder_version=\u00bb3.17.2&#8243; custom_padding=\u00bb38px|0px|54px|0px|false|false\u00bb][et_pb_row custom_padding=\u00bb13px|0px|0px|0px|false|false\u00bb _builder_version=\u00bb3.17.2&#8243;][et_pb_column type=\u00bb4_4&#8243; _builder_version=\u00bb3.17.2&#8243; parallax=\u00bboff\u00bb parallax_method=\u00bbon\u00bb][et_pb_text _builder_version=\u00bb3.17.2&#8243;] Qu\u00e9 hacemos\u00a0 [\/et_pb_text][\/et_pb_column][\/et_pb_row][et_pb_row use_custom_width=\u00bbon\u00bb width_unit=\u00bboff\u00bb custom_width_percent=\u00bb100%\u00bb custom_padding=\u00bb0|0px|0px|0px|false|false\u00bb custom_margin=\u00bb||50px|0px\u00bb _builder_version=\u00bb3.17.2&#8243; module_alignment=\u00bbcenter\u00bb][et_pb_column type=\u00bb4_4&#8243; _builder_version=\u00bb3.17.2&#8243; parallax=\u00bboff\u00bb parallax_method=\u00bbon\u00bb][et_pb_text _builder_version=\u00bb3.17.2&#8243; text_font=\u00bb||||||||\u00bb quote_font=\u00bb||||||||\u00bb background_size=\u00bbcontain\u00bb background_position=\u00bbcenter_right\u00bb max_width=\u00bb80%\u00bb module_alignment=\u00bbcenter\u00bb custom_margin=\u00bb|||10px\u00bb][\/et_pb_text][et_pb_text _builder_version=\u00bb3.17.2&#8243; text_font=\u00bb||||||||\u00bb text_text_color=\u00bb#000000&#8243;] \u00a0\u2013 Analizamos\u00a0las posibilidades de mejora para tu empresa o entidad, al utilizar los sistemas de informaci\u00f3n geogr\u00e1fica para la [&hellip;]<\/p>\n","protected":false},"author":1,"featured_media":0,"parent":0,"menu_order":0,"comment_status":"closed","ping_status":"closed","template":"","meta":[],"_links":{"self":[{"href":"https:\/\/sialsig.xyz\/index.php\/wp-json\/wp\/v2\/pages\/577"}],"collection":[{"href":"https:\/\/sialsig.xyz\/index.php\/wp-json\/wp\/v2\/pages"}],"about":[{"href":"https:\/\/sialsig.xyz\/index.php\/wp-json\/wp\/v2\/types\/page"}],"author":[{"embeddable":true,"href":"https:\/\/sialsig.xyz\/index.php\/wp-json\/wp\/v2\/users\/1"}],"replies":[{"embeddable":true,"href":"https:\/\/sialsig.xyz\/index.php\/wp-json\/wp\/v2\/comments?post=577"}],"version-history":[{"count":55,"href":"https:\/\/sialsig.xyz\/index.php\/wp-json\/wp\/v2\/pages\/577\/revisions"}],"predecessor-version":[{"id":1969,"href":"https:\/\/sialsig.xyz\/index.php\/wp-json\/wp\/v2\/pages\/577\/revisions\/1969"}],"wp:attachment":[{"href":"https:\/\/sialsig.xyz\/index.php\/wp-json\/wp\/v2\/media?parent=577"}],"curies":[{"name":"wp","href":"https:\/\/api.w.org\/{rel}","templated":true}]}}