{"id":639,"date":"2019-04-05T11:55:29","date_gmt":"2019-04-05T11:55:29","guid":{"rendered":"http:\/\/sialsigxyz.esy.es\/?page_id=639"},"modified":"2022-11-14T09:22:47","modified_gmt":"2022-11-14T09:22:47","slug":"comunicaciones","status":"publish","type":"page","link":"https:\/\/sialsig.xyz\/index.php\/comunicaciones\/","title":{"rendered":"Comunicaciones"},"content":{"rendered":"<p>[et_pb_section fb_built=\u00bb1&#8243; _builder_version=\u00bb3.17.2&#8243;][et_pb_row custom_padding=\u00bb13px|0px|22px|0px|false|false\u00bb _builder_version=\u00bb3.17.2&#8243;][et_pb_column type=\u00bb4_4&#8243; _builder_version=\u00bb3.17.2&#8243; parallax=\u00bboff\u00bb parallax_method=\u00bbon\u00bb][et_pb_text _builder_version=\u00bb3.17.2&#8243;]<\/p>\n<h3><span style=\"color: #000080;\"><strong>Comunicaciones<\/strong><\/span><\/h3>\n<p>[\/et_pb_text][et_pb_text _builder_version=\u00bb3.17.2&#8243;]<\/p>\n<p><span style=\"font-size: large;\">Iremos publicando aqu\u00ed aquellos proyectos que queremos llevar a cabo, aquellos con los que vayamos colaborando, aquellos de los que necesitemos tu participaci\u00f3n, opini\u00f3n, para que tambi\u00e9n formes parte de ellos.<\/span><\/p>\n<p><span style=\"font-size: large;\">Ya que se trata de eso, de hacer algo entre<strong><span style=\"color: #008080;\"> <a href=\"mailto:tod@s\" style=\"color: #008080;\">tod@s<\/a><\/span>\u00a0<\/strong>y para <span style=\"color: #008080;\"><a href=\"mailto:tod@s, \" style=\"color: #008080;\"><strong>tod@s<\/strong>, <\/a><\/span>algo que veamos necesario promover o realizar.<\/span><\/p>\n<p><strong><\/strong><\/p>\n<p>[\/et_pb_text][et_pb_image src=\u00bbhttp:\/\/sialsig.xyz\/wp-content\/uploads\/2019\/05\/aerial-view-3732053_1920.jpg\u00bb _builder_version=\u00bb3.17.2&#8243; box_shadow_style=\u00bbpreset1&#8243; max_width_last_edited=\u00bbon|desktop\u00bb module_alignment=\u00bbcenter\u00bb hover_enabled=\u00bb0&#8243; max_width=\u00bb73%\u00bb][\/et_pb_image][\/et_pb_column][\/et_pb_row][et_pb_row _builder_version=\u00bb3.17.2&#8243;][et_pb_column type=\u00bb4_4&#8243; _builder_version=\u00bb3.17.2&#8243; parallax=\u00bboff\u00bb parallax_method=\u00bbon\u00bb][et_pb_image src=\u00bbhttps:\/\/sialsig.xyz\/wp-content\/uploads\/2022\/11\/mapa-extraescolar-PhotoRoom.png\u00bb _builder_version=\u00bb3.17.2&#8243; max_width=\u00bb22%\u00bb module_alignment=\u00bbleft\u00bb custom_margin=\u00bb40px||\u00bb][\/et_pb_image][\/et_pb_column][\/et_pb_row][et_pb_row _builder_version=\u00bb3.17.2&#8243;][et_pb_column type=\u00bb4_4&#8243; _builder_version=\u00bb3.17.2&#8243; parallax=\u00bboff\u00bb parallax_method=\u00bbon\u00bb][et_pb_image src=\u00bbhttps:\/\/sialsig.xyz\/wp-content\/uploads\/2022\/11\/Slider-Mapa.jpg\u00bb _builder_version=\u00bb3.17.2&#8243;][\/et_pb_image][\/et_pb_column][\/et_pb_row][et_pb_row _builder_version=\u00bb3.17.2&#8243;][et_pb_column type=\u00bb4_4&#8243; _builder_version=\u00bb3.17.2&#8243; parallax=\u00bboff\u00bb parallax_method=\u00bbon\u00bb][et_pb_button button_url=\u00bbhttps:\/\/mapaextraescolar.xyz\u00bb button_text=\u00bbVer\u00bb button_alignment=\u00bbcenter\u00bb _builder_version=\u00bb3.17.2&#8243;][\/et_pb_button][\/et_pb_column][\/et_pb_row][et_pb_row _builder_version=\u00bb3.17.2&#8243;][et_pb_column type=\u00bb4_4&#8243; _builder_version=\u00bb3.17.2&#8243; parallax=\u00bboff\u00bb parallax_method=\u00bbon\u00bb][et_pb_text _builder_version=\u00bb3.17.2&#8243;]<\/p>\n<p><span style=\"font-size: large;\"><\/span><\/p>\n<p style=\"text-align: center;\"><span style=\"font-size: large;\"><\/span><\/p>\n<p style=\"text-align: center;\"><span style=\"font-size: large;\">\u00bfEres una entidad que ofrece actividades extraescolares?<\/span><br \/> <span style=\"font-size: large;\"><strong>Participa en la plataforma mapa extraescolar<\/strong>.<\/span><br \/> <span style=\"font-size: large;\">Conoce el proyecto, e incorpora ya tu entidad.<\/span><br \/> <span style=\"font-size: large; color: #499eba;\"><strong><a href=\"https:\/\/mapaextraescolar.xyz\" style=\"color: #499eba;\">https:\/\/mapaextraescolar.xyz<\/a><\/strong><\/span><\/p>\n<p>&nbsp;<\/p>\n<p>&nbsp;<\/p>\n<p style=\"text-align: center;\"><span style=\"font-size: large;\">Y <strong>si adem\u00e1s compartes u ofreces espacios<\/strong>, puedes mostrarlos aqu\u00ed!<\/span><\/p>\n<p style=\"text-align: center;\"><span style=\"font-size: large; color: #499eba;\"><strong><a href=\"https:\/\/mapaextraescolar.xyz\/espais\/\" style=\"color: #499eba;\">https:\/\/mapaextraescolar.xyz\/espais\/<\/a><\/strong><\/span><\/p>\n<p style=\"text-align: center;\"><span style=\"font-size: large;\"><strong><\/strong><\/span><\/p>\n<p style=\"text-align: center;\">\n<p style=\"text-align: center;\"><span style=\"font-size: large;\">C\u00f3mo ves la oferta de extraescolares, <span style=\"color: #000000;\"><strong>danos tu opini\u00f3n!<\/strong><\/span><\/span><\/p>\n<p style=\"text-align: center;\"><span style=\"font-size: large; color: #499eba;\"><strong><a href=\"https:\/\/mapaextraescolar.xyz\/espais\/\" style=\"color: #499eba;\">https:\/\/mapaextraescolar.xyz\/com-valores-loferta-dextraescolars\/<\/a><\/strong><\/span><\/p>\n<p style=\"text-align: center;\"><span style=\"font-size: large;\"><strong><\/strong><\/span><\/p>\n<p style=\"text-align: center;\"><span style=\"font-size: 14px; text-align: left;\">\u00a0<\/span><\/p>\n<p>[\/et_pb_text][et_pb_video max_width=\u00bb85%\u00bb src=\u00bbhttps:\/\/www.youtube.com\/watch?v=yIEOwUnHTVU\u00bb _builder_version=\u00bb3.17.2&#8243; module_alignment=\u00bbcenter\u00bb image_src=\u00bb\/\/i.ytimg.com\/vi\/yIEOwUnHTVU\/hqdefault.jpg\u00bb play_icon_color=\u00bb#000000&#8243;][\/et_pb_video][et_pb_divider _builder_version=\u00bb3.17.2&#8243; custom_margin=\u00bb1px||42px\u00bb][\/et_pb_divider][\/et_pb_column][\/et_pb_row][et_pb_row _builder_version=\u00bb3.17.2&#8243;][et_pb_column type=\u00bb4_4&#8243; _builder_version=\u00bb3.17.2&#8243; parallax=\u00bboff\u00bb parallax_method=\u00bbon\u00bb][et_pb_image src=\u00bbhttps:\/\/sialsig.xyz\/wp-content\/uploads\/2022\/11\/FireShot-Capture-200-Busco-trabajo-pero&#8230;-sites.google.com_.png\u00bb url=\u00bbhttps:\/\/sites.google.com\/sialsig.xyz\/busco-trabajo-pero\/presentaci%C3%B3n-iniciativa\u00bb _builder_version=\u00bb3.17.2&#8243;][\/et_pb_image][et_pb_button button_url=\u00bbhttps:\/\/form.jotform.com\/201295661563356&#8243; button_text=\u00bbOpina como trabajador\u00bb _builder_version=\u00bb3.17.2&#8243;][\/et_pb_button][et_pb_button button_url=\u00bbhttps:\/\/form.jotform.com\/222357788420057&#8243; button_text=\u00bbOpina como empresa o emprendedor\/a\u00bb _builder_version=\u00bb3.17.2&#8243;][\/et_pb_button][et_pb_divider _builder_version=\u00bb3.17.2&#8243; custom_margin=\u00bb20px||-3px\u00bb custom_padding=\u00bb25px||\u00bb][\/et_pb_divider][\/et_pb_column][\/et_pb_row][et_pb_row custom_padding=\u00bb13px|0px|22px|0px|false|false\u00bb _builder_version=\u00bb3.17.2&#8243;][et_pb_column type=\u00bb4_4&#8243; _builder_version=\u00bb3.17.2&#8243; parallax=\u00bboff\u00bb parallax_method=\u00bbon\u00bb][et_pb_text _builder_version=\u00bb3.17.2&#8243;]<\/p>\n<p><span style=\"font-size: 14px;\"><\/span><\/p>\n<p><span style=\"font-size: 14px;\"><\/span><\/p>\n<p><span style=\"font-size: 14px;\"><\/span><\/p>\n<p><span style=\"font-size: 14px;\"><\/span><\/p>\n<p><span style=\"font-size: 14px;\"><\/span><\/p>\n<p><span style=\"font-size: 14px;\"><\/span><\/p>\n<p><span style=\"font-size: 14px;\"><\/span><\/p>\n<p>&nbsp;<\/p>\n<p>\u00a0<span style=\"font-size: large;\">Nos gustar\u00eda mostraros una peque\u00f1a selecci\u00f3n de razones para fomentar el uso de datos libres.<\/span><\/p>\n<p>\u00a0<span style=\"font-size: 14px;\">\u00a0<\/span><\/p>\n<p><span style=\"font-size: large;\">Razones que han sido recopiladas por <span style=\"color: #099999;\"><strong>Iniciativa Barcelona Opendata<\/strong><\/span><\/span><\/p>\n<p><span style=\"color: #099999;\"><strong><\/strong><\/span><\/p>\n<p><span style=\"color: #099999;\"><strong><\/strong><\/span><\/p>\n<p>&nbsp;<\/p>\n<p>[\/et_pb_text][et_pb_code _builder_version=\u00bb3.17.2&#8243; text_orientation=\u00bbcenter\u00bb]&lt;iframe width=&quot;590&quot; height=&quot;332&quot; src=&quot;https:\/\/www.youtube.com\/embed\/NCW0HEO0fiA&quot; frameborder=&quot;0&quot; allow=&quot;accelerometer; autoplay; clipboard-write; encrypted-media; gyroscope; picture-in-picture&quot; allowfullscreen&gt;&lt;\/iframe&gt;[\/et_pb_code][\/et_pb_column][\/et_pb_row][et_pb_row use_custom_width=\u00bbon\u00bb width_unit=\u00bboff\u00bb use_custom_gutter=\u00bbon\u00bb gutter_width=\u00bb4&#8243; make_equal=\u00bbon\u00bb _builder_version=\u00bb3.17.2&#8243; module_alignment=\u00bbcenter\u00bb custom_width_percent__hover_enabled=\u00bbon\u00bb][et_pb_column type=\u00bb4_4&#8243; _builder_version=\u00bb3.17.2&#8243; parallax=\u00bboff\u00bb parallax_method=\u00bbon\u00bb][et_pb_text _builder_version=\u00bb3.17.2&#8243;][\/et_pb_text][et_pb_blog fullwidth=\u00bboff\u00bb posts_number=\u00bb9&#8243; include_categories=\u00bb25&#8243; show_more=\u00bbon\u00bb show_author=\u00bboff\u00bb show_date=\u00bboff\u00bb show_categories=\u00bboff\u00bb module_class=\u00bbblog_same_height\u00bb _builder_version=\u00bb3.17.2&#8243; body_font=\u00bb||||||||\u00bb meta_font=\u00bb||||||||\u00bb border_color_all=\u00bb#0c71c3&#8243; border_style_all=\u00bbnone\u00bb box_shadow_style=\u00bbpreset1&#8243; custom_margin=\u00bb60px||\u00bb text_shadow_style=\u00bbpreset1&#8243;][\/et_pb_blog][et_pb_post_nav _builder_version=\u00bb3.17.2&#8243;][\/et_pb_post_nav][\/et_pb_column][\/et_pb_row][\/et_pb_section]<\/p>\n","protected":false},"excerpt":{"rendered":"<p>[et_pb_section fb_built=\u00bb1&#8243; _builder_version=\u00bb3.17.2&#8243;][et_pb_row custom_padding=\u00bb13px|0px|22px|0px|false|false\u00bb _builder_version=\u00bb3.17.2&#8243;][et_pb_column type=\u00bb4_4&#8243; _builder_version=\u00bb3.17.2&#8243; parallax=\u00bboff\u00bb parallax_method=\u00bbon\u00bb][et_pb_text _builder_version=\u00bb3.17.2&#8243;] Comunicaciones [\/et_pb_text][et_pb_text _builder_version=\u00bb3.17.2&#8243;] Iremos publicando aqu\u00ed aquellos proyectos que queremos llevar a cabo, aquellos con los que vayamos colaborando, aquellos de los que necesitemos tu participaci\u00f3n, opini\u00f3n, para que tambi\u00e9n formes parte de ellos. Ya que se trata de eso, de hacer algo entre tod@s\u00a0y [&hellip;]<\/p>\n","protected":false},"author":1,"featured_media":0,"parent":0,"menu_order":0,"comment_status":"closed","ping_status":"closed","template":"","meta":[],"_links":{"self":[{"href":"https:\/\/sialsig.xyz\/index.php\/wp-json\/wp\/v2\/pages\/639"}],"collection":[{"href":"https:\/\/sialsig.xyz\/index.php\/wp-json\/wp\/v2\/pages"}],"about":[{"href":"https:\/\/sialsig.xyz\/index.php\/wp-json\/wp\/v2\/types\/page"}],"author":[{"embeddable":true,"href":"https:\/\/sialsig.xyz\/index.php\/wp-json\/wp\/v2\/users\/1"}],"replies":[{"embeddable":true,"href":"https:\/\/sialsig.xyz\/index.php\/wp-json\/wp\/v2\/comments?post=639"}],"version-history":[{"count":79,"href":"https:\/\/sialsig.xyz\/index.php\/wp-json\/wp\/v2\/pages\/639\/revisions"}],"predecessor-version":[{"id":2039,"href":"https:\/\/sialsig.xyz\/index.php\/wp-json\/wp\/v2\/pages\/639\/revisions\/2039"}],"wp:attachment":[{"href":"https:\/\/sialsig.xyz\/index.php\/wp-json\/wp\/v2\/media?parent=639"}],"curies":[{"name":"wp","href":"https:\/\/api.w.org\/{rel}","templated":true}]}}