{"id":858,"date":"2019-04-06T23:55:38","date_gmt":"2019-04-06T23:55:38","guid":{"rendered":"http:\/\/sialsigxyz.esy.es\/?page_id=858"},"modified":"2019-04-07T00:42:23","modified_gmt":"2019-04-07T00:42:23","slug":"mision-vision-y-valores","status":"publish","type":"page","link":"https:\/\/sialsig.xyz\/index.php\/mision-vision-y-valores\/","title":{"rendered":"Misi\u00f3n, visi\u00f3n y valores"},"content":{"rendered":"<p>[et_pb_section fb_built=\u00bb1&#8243; _builder_version=\u00bb3.17.2&#8243; custom_padding=\u00bb0px|0px|0px|0px|false|false\u00bb][et_pb_row use_custom_width=\u00bbon\u00bb width_unit=\u00bboff\u00bb custom_width_percent=\u00bb100%\u00bb custom_padding=\u00bb28px|0px|13px|0px|false|false\u00bb _builder_version=\u00bb3.17.2&#8243; background_color=\u00bb#008080&#8243;][et_pb_column type=\u00bb4_4&#8243; _builder_version=\u00bb3.17.2&#8243; parallax=\u00bboff\u00bb parallax_method=\u00bbon\u00bb][et_pb_text _builder_version=\u00bb3.17.2&#8243;]<\/p>\n<h2><strong style=\"color: #ffffff; font-size: 26px;\">\u00a0 \u00a0 <\/strong><\/h2>\n<h2><strong style=\"color: #ffffff; font-size: 26px;\">\u00a0 \u00a0 \u00a0Misi\u00f3n, visi\u00f3n y valores\u00a0<\/strong><\/h2>\n<p>[\/et_pb_text][\/et_pb_column][\/et_pb_row][et_pb_row custom_padding=\u00bb61px|0px|13px|0px|false|false\u00bb _builder_version=\u00bb3.17.2&#8243;][et_pb_column type=\u00bb4_4&#8243; _builder_version=\u00bb3.17.2&#8243; parallax=\u00bboff\u00bb parallax_method=\u00bbon\u00bb][et_pb_text _builder_version=\u00bb3.17.2&#8243;]<\/p>\n<h3><strong><\/strong><\/h3>\n<h3><strong>MISI\u00d3N<\/strong><\/h3>\n<p><span><\/span><\/p>\n<hr \/>\n<ul>\n<li><strong>Ampliar el \u00e1mbito de uso<\/strong> de los sistemas de informaci\u00f3n geogr\u00e1fica (SIG o GIS).\u00a0Llevar los SIG a \u00e1mbitos que a\u00fan no se benefician de sus amplias posibilidades.<\/li>\n<li><strong>Potenciar el uso de datos<\/strong>, su generaci\u00f3n, su an\u00e1lisis y mantenimiento.<\/li>\n<li>Trabajar codo a codo con el cliente para <strong>optimizar<\/strong> al m\u00e1ximo el trabajo y conseguir los mejores resultados posibles.<\/li>\n<li><strong><span style=\"color: #008080;\">Compaginar vida familiar y laboral<\/span><\/strong>\u00a0y demostrar que se puede disfrutar de ambas.<\/li>\n<li>Posibilitar la realizaci\u00f3n de alg\u00fan tipo de proyecto \u201cno viable\u201d, econ\u00f3micamente, pero \u201caltamente viable social o medioambientalmente\u201d.<\/li>\n<\/ul>\n<p>&nbsp;<\/p>\n<h3><strong>VISI\u00d3N<\/strong><\/h3>\n<p>&nbsp;<\/p>\n<hr \/>\n<ul>\n<li>Uso de variedad de datos y de <strong>m\u00faltiples herramientas<\/strong> para conseguir en cada caso los resultados m\u00e1s adecuados.<\/li>\n<li>Fomentar la creaci\u00f3n y mantenimiento de datos con coherencia y aplicables a la \u201crealidad\u201d, acordes a las necesidades de uso.<\/li>\n<li>Favorecer y guiar en el correcto uso y mantenimiento de los datos.<\/li>\n<li>Formar en los Sistemas de Informaci\u00f3n geogr\u00e1fica.<\/li>\n<li><strong>Explorar \u00e1mbitos\u00a0de uso<\/strong>. Comunicaci\u00f3n con potenciales utilizadores.<\/li>\n<li>Acercar los Sistemas de Informaci\u00f3n geogr\u00e1fica al p\u00fablico general, a los ciudadanos, usuarios finales.<\/li>\n<li>Mejorar el funcionamiento de m\u00faltiples <span style=\"color: #008080;\"><strong>\u00e1mbitos sociales, educativos, medioambientales<\/strong><\/span> a trav\u00e9s de una mejor organizaci\u00f3n y an\u00e1lisis de los datos.<\/li>\n<li>Utilizar los datos para el an\u00e1lisis de situaciones, y como apoyo en la toma de decisiones.<\/li>\n<li>Integraci\u00f3n y <strong>gesti\u00f3n del trabajo con la vida familiar<\/strong>; suponiendo esto una mejora en la gesti\u00f3n de los tiempos, y una mayor intensidad de dedicaci\u00f3n en los momentos efectivos de\u00a0trabajo.<\/li>\n<\/ul>\n<p>&nbsp;<\/p>\n<h3><strong>VALORES<\/strong><\/h3>\n<p>&nbsp;<\/p>\n<hr \/>\n<ul>\n<li>Inter\u00e9s por el desarrollo personal y profesional.<\/li>\n<li><strong>Conciliaci\u00f3n<\/strong>, igualdad, <strong>colaboraci\u00f3n<\/strong>.<\/li>\n<li>Priorizar la calidad del trabajo y el trato con el cliente.<\/li>\n<li><strong><span style=\"color: #008080;\">Honestidad<\/span>.<\/strong><\/li>\n<li>Trabajo en equipo y en armonia.<\/li>\n<li><strong>Mejora continua.<\/strong><\/li>\n<li>Capacidad de an\u00e1lisis.<\/li>\n<li><strong>Visi\u00f3n SIG<\/strong>.<\/li>\n<li>Preocupaci\u00f3n <strong>social<\/strong>.<\/li>\n<\/ul>\n<p>&nbsp;<\/p>\n<p>&nbsp;<\/p>\n<p>[\/et_pb_text][\/et_pb_column][\/et_pb_row][\/et_pb_section]<\/p>\n","protected":false},"excerpt":{"rendered":"<p>[et_pb_section fb_built=\u00bb1&#8243; _builder_version=\u00bb3.17.2&#8243; custom_padding=\u00bb0px|0px|0px|0px|false|false\u00bb][et_pb_row use_custom_width=\u00bbon\u00bb width_unit=\u00bboff\u00bb custom_width_percent=\u00bb100%\u00bb custom_padding=\u00bb28px|0px|13px|0px|false|false\u00bb _builder_version=\u00bb3.17.2&#8243; background_color=\u00bb#008080&#8243;][et_pb_column type=\u00bb4_4&#8243; _builder_version=\u00bb3.17.2&#8243; parallax=\u00bboff\u00bb parallax_method=\u00bbon\u00bb][et_pb_text _builder_version=\u00bb3.17.2&#8243;] \u00a0 \u00a0 \u00a0 \u00a0 \u00a0Misi\u00f3n, visi\u00f3n y valores\u00a0 [\/et_pb_text][\/et_pb_column][\/et_pb_row][et_pb_row custom_padding=\u00bb61px|0px|13px|0px|false|false\u00bb _builder_version=\u00bb3.17.2&#8243;][et_pb_column type=\u00bb4_4&#8243; _builder_version=\u00bb3.17.2&#8243; parallax=\u00bboff\u00bb parallax_method=\u00bbon\u00bb][et_pb_text _builder_version=\u00bb3.17.2&#8243;] MISI\u00d3N Ampliar el \u00e1mbito de uso de los sistemas de informaci\u00f3n geogr\u00e1fica (SIG o GIS).\u00a0Llevar los SIG a \u00e1mbitos que a\u00fan no se benefician [&hellip;]<\/p>\n","protected":false},"author":1,"featured_media":0,"parent":0,"menu_order":0,"comment_status":"closed","ping_status":"closed","template":"","meta":[],"_links":{"self":[{"href":"https:\/\/sialsig.xyz\/index.php\/wp-json\/wp\/v2\/pages\/858"}],"collection":[{"href":"https:\/\/sialsig.xyz\/index.php\/wp-json\/wp\/v2\/pages"}],"about":[{"href":"https:\/\/sialsig.xyz\/index.php\/wp-json\/wp\/v2\/types\/page"}],"author":[{"embeddable":true,"href":"https:\/\/sialsig.xyz\/index.php\/wp-json\/wp\/v2\/users\/1"}],"replies":[{"embeddable":true,"href":"https:\/\/sialsig.xyz\/index.php\/wp-json\/wp\/v2\/comments?post=858"}],"version-history":[{"count":19,"href":"https:\/\/sialsig.xyz\/index.php\/wp-json\/wp\/v2\/pages\/858\/revisions"}],"predecessor-version":[{"id":904,"href":"https:\/\/sialsig.xyz\/index.php\/wp-json\/wp\/v2\/pages\/858\/revisions\/904"}],"wp:attachment":[{"href":"https:\/\/sialsig.xyz\/index.php\/wp-json\/wp\/v2\/media?parent=858"}],"curies":[{"name":"wp","href":"https:\/\/api.w.org\/{rel}","templated":true}]}}